{"id":690,"date":"2019-11-16T23:34:13","date_gmt":"2019-11-16T23:34:13","guid":{"rendered":"http:\/\/woodstar.dz\/?page_id=690"},"modified":"2019-11-16T23:42:42","modified_gmt":"2019-11-16T23:42:42","slug":"palette-cp","status":"publish","type":"page","link":"https:\/\/woodstar.dz\/index.php\/palette-cp\/","title":{"rendered":"palette cp"},"content":{"rendered":"\t\t<div data-elementor-type=\"wp-page\" data-elementor-id=\"690\" class=\"elementor elementor-690\">\n\t\t\t\t\t\t<section class=\"elementor-section elementor-top-section elementor-element elementor-element-6f66142 elementor-section-boxed elementor-section-height-default elementor-section-height-default\" data-id=\"6f66142\" data-element_type=\"section\" data-e-type=\"section\">\n\t\t\t\t\t\t<div class=\"elementor-container elementor-column-gap-default\">\n\t\t\t\t\t<div class=\"elementor-column elementor-col-100 elementor-top-column elementor-element elementor-element-a84e45d\" data-id=\"a84e45d\" data-element_type=\"column\" data-e-type=\"column\">\n\t\t\t<div class=\"elementor-widget-wrap\">\n\t\t\t\t\t\t\t<\/div>\n\t\t<\/div>\n\t\t\t\t\t<\/div>\n\t\t<\/section>\n\t\t\t\t<section class=\"elementor-section elementor-top-section elementor-element elementor-element-35a944b elementor-section-stretched elementor-section-boxed elementor-section-height-default elementor-section-height-default\" data-id=\"35a944b\" data-element_type=\"section\" data-e-type=\"section\" data-settings=\"{&quot;stretch_section&quot;:&quot;section-stretched&quot;}\">\n\t\t\t\t\t\t<div class=\"elementor-container elementor-column-gap-default\">\n\t\t\t\t\t<div class=\"elementor-column elementor-col-100 elementor-top-column elementor-element elementor-element-bf9ac5b\" data-id=\"bf9ac5b\" data-element_type=\"column\" data-e-type=\"column\">\n\t\t\t<div class=\"elementor-widget-wrap elementor-element-populated\">\n\t\t\t\t\t\t<div class=\"elementor-element elementor-element-93d0803 elementor-widget elementor-widget-text-editor\" data-id=\"93d0803\" data-element_type=\"widget\" data-e-type=\"widget\" data-widget_type=\"text-editor.default\">\n\t\t\t\t<div class=\"elementor-widget-container\">\n\t\t\t\t\t\t\t\t\t<p><span style=\"color: #000000;\"><a href=\"http:\/\/woodstar.dz\/index.php\/produits\/\" style=\"color: #000000;\">produits<\/a>\/<a href=\"http:\/\/woodstar.dz\/index.php\/palette-en-bois\/\" style=\"color: #000000;\">palette en bois\u00a0<\/a> <\/span>\/<a href=\"http:\/\/woodstar.dz\/index.php\/palette-cp\/\">palette cp<\/a><\/p>\t\t\t\t\t\t\t\t<\/div>\n\t\t\t\t<\/div>\n\t\t\t\t\t<\/div>\n\t\t<\/div>\n\t\t\t\t\t<\/div>\n\t\t<\/section>\n\t\t\t\t<section class=\"elementor-section elementor-top-section elementor-element elementor-element-f08fc47 elementor-section-boxed elementor-section-height-default elementor-section-height-default\" data-id=\"f08fc47\" data-element_type=\"section\" data-e-type=\"section\" data-settings=\"{&quot;background_background&quot;:&quot;classic&quot;}\">\n\t\t\t\t\t\t<div class=\"elementor-container elementor-column-gap-default\">\n\t\t\t\t\t<div class=\"elementor-column elementor-col-100 elementor-top-column elementor-element elementor-element-396bfed\" data-id=\"396bfed\" data-element_type=\"column\" data-e-type=\"column\">\n\t\t\t<div class=\"elementor-widget-wrap elementor-element-populated\">\n\t\t\t\t\t\t<section class=\"elementor-section elementor-inner-section elementor-element elementor-element-8c76108 elementor-section-boxed elementor-section-height-default elementor-section-height-default\" data-id=\"8c76108\" data-element_type=\"section\" data-e-type=\"section\">\n\t\t\t\t\t\t<div class=\"elementor-container elementor-column-gap-default\">\n\t\t\t\t\t<div class=\"elementor-column elementor-col-100 elementor-inner-column elementor-element elementor-element-0338436\" data-id=\"0338436\" data-element_type=\"column\" data-e-type=\"column\">\n\t\t\t<div class=\"elementor-widget-wrap elementor-element-populated\">\n\t\t\t\t\t\t<div class=\"elementor-element elementor-element-29eff54 elementor-widget elementor-widget-spacer\" data-id=\"29eff54\" data-element_type=\"widget\" data-e-type=\"widget\" data-widget_type=\"spacer.default\">\n\t\t\t\t<div class=\"elementor-widget-container\">\n\t\t\t\t\t\t\t<div class=\"elementor-spacer\">\n\t\t\t<div class=\"elementor-spacer-inner\"><\/div>\n\t\t<\/div>\n\t\t\t\t\t\t<\/div>\n\t\t\t\t<\/div>\n\t\t\t\t\t<\/div>\n\t\t<\/div>\n\t\t\t\t\t<\/div>\n\t\t<\/section>\n\t\t\t\t<section class=\"elementor-section elementor-top-section elementor-element elementor-element-84155b5 elementor-section-boxed elementor-section-height-default elementor-section-height-default\" data-id=\"84155b5\" data-element_type=\"section\" data-e-type=\"section\">\n\t\t\t\t\t\t<div class=\"elementor-container elementor-column-gap-default\">\n\t\t\t\t\t<div class=\"elementor-column elementor-col-33 elementor-top-column elementor-element elementor-element-61faf99\" data-id=\"61faf99\" data-element_type=\"column\" data-e-type=\"column\">\n\t\t\t<div class=\"elementor-widget-wrap elementor-element-populated\">\n\t\t\t\t\t\t<div class=\"elementor-element elementor-element-8fc13cd elementor-widget elementor-widget-image\" data-id=\"8fc13cd\" data-element_type=\"widget\" data-e-type=\"widget\" data-widget_type=\"image.default\">\n\t\t\t\t<div class=\"elementor-widget-container\">\n\t\t\t\t\t\t\t\t\t\t\t\t\t\t\t<img fetchpriority=\"high\" decoding=\"async\" width=\"292\" height=\"173\" src=\"https:\/\/woodstar.dz\/wp-content\/uploads\/2019\/10\/wood-star-cp5.jpg\" class=\"attachment-large size-large wp-image-381\" alt=\"\" \/>\t\t\t\t\t\t\t\t\t\t\t\t\t\t\t<\/div>\n\t\t\t\t<\/div>\n\t\t\t\t<div class=\"elementor-element elementor-element-81a964d elementor-widget elementor-widget-image\" data-id=\"81a964d\" data-element_type=\"widget\" data-e-type=\"widget\" data-widget_type=\"image.default\">\n\t\t\t\t<div class=\"elementor-widget-container\">\n\t\t\t\t\t\t\t\t\t\t\t\t\t\t\t<img decoding=\"async\" width=\"292\" height=\"173\" src=\"https:\/\/woodstar.dz\/wp-content\/uploads\/2019\/10\/wood-star-cp2.jpg\" class=\"attachment-large size-large wp-image-378\" alt=\"\" \/>\t\t\t\t\t\t\t\t\t\t\t\t\t\t\t<\/div>\n\t\t\t\t<\/div>\n\t\t\t\t<div class=\"elementor-element elementor-element-4e7228e elementor-widget elementor-widget-image\" data-id=\"4e7228e\" data-element_type=\"widget\" data-e-type=\"widget\" data-widget_type=\"image.default\">\n\t\t\t\t<div class=\"elementor-widget-container\">\n\t\t\t\t\t\t\t\t\t\t\t\t\t\t\t<img decoding=\"async\" width=\"307\" height=\"164\" src=\"https:\/\/woodstar.dz\/wp-content\/uploads\/2019\/10\/wood-star-cp4.jpg\" class=\"attachment-large size-large wp-image-380\" alt=\"\" srcset=\"https:\/\/woodstar.dz\/wp-content\/uploads\/2019\/10\/wood-star-cp4.jpg 307w, https:\/\/woodstar.dz\/wp-content\/uploads\/2019\/10\/wood-star-cp4-300x160.jpg 300w\" sizes=\"(max-width: 307px) 100vw, 307px\" \/>\t\t\t\t\t\t\t\t\t\t\t\t\t\t\t<\/div>\n\t\t\t\t<\/div>\n\t\t\t\t<div class=\"elementor-element elementor-element-8b1a49b elementor-widget elementor-widget-image\" data-id=\"8b1a49b\" data-element_type=\"widget\" data-e-type=\"widget\" data-widget_type=\"image.default\">\n\t\t\t\t<div class=\"elementor-widget-container\">\n\t\t\t\t\t\t\t\t\t\t\t\t\t\t\t<img loading=\"lazy\" decoding=\"async\" width=\"292\" height=\"173\" src=\"https:\/\/woodstar.dz\/wp-content\/uploads\/2019\/10\/wood-star-cp1.jpg\" class=\"attachment-large size-large wp-image-377\" alt=\"\" \/>\t\t\t\t\t\t\t\t\t\t\t\t\t\t\t<\/div>\n\t\t\t\t<\/div>\n\t\t\t\t\t<\/div>\n\t\t<\/div>\n\t\t\t\t<div class=\"elementor-column elementor-col-33 elementor-top-column elementor-element elementor-element-023f4e1\" data-id=\"023f4e1\" data-element_type=\"column\" data-e-type=\"column\">\n\t\t\t<div class=\"elementor-widget-wrap elementor-element-populated\">\n\t\t\t\t\t\t<div class=\"elementor-element elementor-element-b75e466 elementor-widget elementor-widget-image\" data-id=\"b75e466\" data-element_type=\"widget\" data-e-type=\"widget\" data-widget_type=\"image.default\">\n\t\t\t\t<div class=\"elementor-widget-container\">\n\t\t\t\t\t\t\t\t\t\t\t\t\t\t\t<img loading=\"lazy\" decoding=\"async\" width=\"319\" height=\"158\" src=\"https:\/\/woodstar.dz\/wp-content\/uploads\/2019\/10\/wood-star-cp7.jpg\" class=\"attachment-large size-large wp-image-383\" alt=\"\" srcset=\"https:\/\/woodstar.dz\/wp-content\/uploads\/2019\/10\/wood-star-cp7.jpg 319w, https:\/\/woodstar.dz\/wp-content\/uploads\/2019\/10\/wood-star-cp7-300x149.jpg 300w\" sizes=\"(max-width: 319px) 100vw, 319px\" \/>\t\t\t\t\t\t\t\t\t\t\t\t\t\t\t<\/div>\n\t\t\t\t<\/div>\n\t\t\t\t\t<\/div>\n\t\t<\/div>\n\t\t\t\t<div class=\"elementor-column elementor-col-33 elementor-top-column elementor-element elementor-element-1cd2dd5\" data-id=\"1cd2dd5\" data-element_type=\"column\" data-e-type=\"column\">\n\t\t\t<div class=\"elementor-widget-wrap elementor-element-populated\">\n\t\t\t\t\t\t<div class=\"elementor-element elementor-element-1aba096 elementor-widget elementor-widget-heading\" data-id=\"1aba096\" data-element_type=\"widget\" data-e-type=\"widget\" data-widget_type=\"heading.default\">\n\t\t\t\t<div class=\"elementor-widget-container\">\n\t\t\t\t\t<h2 class=\"elementor-heading-title elementor-size-default\">palettes cp<\/h2>\t\t\t\t<\/div>\n\t\t\t\t<\/div>\n\t\t\t\t\t<\/div>\n\t\t<\/div>\n\t\t\t\t\t<\/div>\n\t\t<\/section>\n\t\t\t\t<section class=\"elementor-section elementor-top-section elementor-element elementor-element-7b2cdef elementor-section-boxed elementor-section-height-default elementor-section-height-default\" data-id=\"7b2cdef\" data-element_type=\"section\" data-e-type=\"section\">\n\t\t\t\t\t\t<div class=\"elementor-container elementor-column-gap-default\">\n\t\t\t\t\t<div class=\"elementor-column elementor-col-100 elementor-top-column elementor-element elementor-element-b37621a\" data-id=\"b37621a\" data-element_type=\"column\" data-e-type=\"column\">\n\t\t\t<div class=\"elementor-widget-wrap elementor-element-populated\">\n\t\t\t\t\t\t<div class=\"elementor-element elementor-element-2eb0c7c elementor-widget elementor-widget-heading\" data-id=\"2eb0c7c\" data-element_type=\"widget\" data-e-type=\"widget\" data-widget_type=\"heading.default\">\n\t\t\t\t<div class=\"elementor-widget-container\">\n\t\t\t\t\t<h2 class=\"elementor-heading-title elementor-size-medium\">DESCRIPTION<\/h2>\t\t\t\t<\/div>\n\t\t\t\t<\/div>\n\t\t\t\t<section class=\"elementor-section elementor-top-section elementor-element elementor-element-810d0a3 elementor-section-boxed elementor-section-height-default elementor-section-height-default\" data-id=\"810d0a3\" data-element_type=\"section\" data-e-type=\"section\">\n\t\t\t\t\t\t<div class=\"elementor-container elementor-column-gap-default\">\n\t\t\t\t\t<div class=\"elementor-column elementor-col-100 elementor-top-column elementor-element elementor-element-45cec7d\" data-id=\"45cec7d\" data-element_type=\"column\" data-e-type=\"column\">\n\t\t\t<div class=\"elementor-widget-wrap elementor-element-populated\">\n\t\t\t\t\t\t<div class=\"elementor-element elementor-element-7e7faf7 elementor-widget elementor-widget-text-editor\" data-id=\"7e7faf7\" data-element_type=\"widget\" data-e-type=\"widget\" data-widget_type=\"text-editor.default\">\n\t\t\t\t<div class=\"elementor-widget-container\">\n\t\t\t\t\t\t\t\t\t<p><span>Palettes CP neuves et d\u2019occasion pour l\u2019industrie chimique. Nous proposons les 9 types de palettes CP &#8211; CP1, CP2, CP3, CP4, CP5, CP6, CP7, CP8, CP9. Toutes les palettes peuvent \u00eatre trait\u00e9es thermiquement, s\u00e9ch\u00e9es, marqu\u00e9es conform\u00e9ment \u00e0 la norme NIMP15, pr\u00eates \u00e0 \u00eatre export\u00e9es dans tous les pays europ\u00e9ens. Sp\u00e9cifications : CP1 (1000&#215;1200), CP2 (800&#215;1200), CP3 (114&#215;1140), CP4 (1100&#215;1300), CP5 (760&#215;1140), CP6 (1200&#215;1000), CP7 (1300&#215;1100), CP8 (114 x 1140), CP9 (1140 x 1140). Les palettes chimiques peuvent \u00eatre utilis\u00e9es avec des syst\u00e8mes de stockage automatis\u00e9s et des syst\u00e8mes de convoyage palettis\u00e9s. Si vous avez une exigence sp\u00e9cifique, veuillez nous envoyer votre demande par email.<\/span><\/p>\t\t\t\t\t\t\t\t<\/div>\n\t\t\t\t<\/div>\n\t\t\t\t\t<\/div>\n\t\t<\/div>\n\t\t\t\t\t<\/div>\n\t\t<\/section>\n\t\t\t\t\t<\/div>\n\t\t<\/div>\n\t\t\t\t\t<\/div>\n\t\t<\/section>\n\t\t\t\t<section class=\"elementor-section elementor-top-section elementor-element elementor-element-3384041 elementor-section-boxed elementor-section-height-default elementor-section-height-default\" data-id=\"3384041\" data-element_type=\"section\" data-e-type=\"section\">\n\t\t\t\t\t\t<div class=\"elementor-container elementor-column-gap-default\">\n\t\t\t\t\t<div class=\"elementor-column elementor-col-100 elementor-top-column elementor-element elementor-element-8f7cd98\" data-id=\"8f7cd98\" data-element_type=\"column\" data-e-type=\"column\">\n\t\t\t<div class=\"elementor-widget-wrap elementor-element-populated\">\n\t\t\t\t\t\t<div class=\"elementor-element elementor-element-2d734f2 elementor-widget elementor-widget-heading\" data-id=\"2d734f2\" data-element_type=\"widget\" data-e-type=\"widget\" data-widget_type=\"heading.default\">\n\t\t\t\t<div class=\"elementor-widget-container\">\n\t\t\t\t\t<h2 class=\"elementor-heading-title elementor-size-medium\">DIMENSIONS<\/h2>\t\t\t\t<\/div>\n\t\t\t\t<\/div>\n\t\t\t\t<section class=\"elementor-section elementor-top-section elementor-element elementor-element-adc01c1 elementor-section-boxed elementor-section-height-default elementor-section-height-default\" data-id=\"adc01c1\" data-element_type=\"section\" data-e-type=\"section\">\n\t\t\t\t\t\t<div class=\"elementor-container elementor-column-gap-default\">\n\t\t\t\t\t<div class=\"elementor-column elementor-col-100 elementor-top-column elementor-element elementor-element-8629940\" data-id=\"8629940\" data-element_type=\"column\" data-e-type=\"column\">\n\t\t\t<div class=\"elementor-widget-wrap elementor-element-populated\">\n\t\t\t\t\t\t<div class=\"elementor-element elementor-element-0e34824 elementor-widget elementor-widget-text-editor\" data-id=\"0e34824\" data-element_type=\"widget\" data-e-type=\"widget\" data-widget_type=\"text-editor.default\">\n\t\t\t\t<div class=\"elementor-widget-container\">\n\t\t\t\t\t\t\t\t\t<table><tbody><tr><td>Longueur<\/td><td>Largeur<\/td><td><span style=\"color: #666666; font-family: 'Open Sans'; text-align: center; background-color: #ffffff;\">Hauteur<\/span><\/td><td>Poids<\/td><\/tr><tr><td>mm<\/td><td>\u00a0mm<\/td><td>\u00a0mm<\/td><td>\u00a0 \u00a0kg<\/td><\/tr><\/tbody><\/table>\t\t\t\t\t\t\t\t<\/div>\n\t\t\t\t<\/div>\n\t\t\t\t\t<\/div>\n\t\t<\/div>\n\t\t\t\t\t<\/div>\n\t\t<\/section>\n\t\t\t\t\t<\/div>\n\t\t<\/div>\n\t\t\t\t\t<\/div>\n\t\t<\/section>\n\t\t\t\t<section class=\"elementor-section elementor-top-section elementor-element elementor-element-9b9d882 elementor-section-boxed elementor-section-height-default elementor-section-height-default\" data-id=\"9b9d882\" data-element_type=\"section\" data-e-type=\"section\">\n\t\t\t\t\t\t<div class=\"elementor-container elementor-column-gap-default\">\n\t\t\t\t\t<div class=\"elementor-column elementor-col-100 elementor-top-column elementor-element elementor-element-774c93c\" data-id=\"774c93c\" data-element_type=\"column\" data-e-type=\"column\">\n\t\t\t<div class=\"elementor-widget-wrap elementor-element-populated\">\n\t\t\t\t\t\t<div class=\"elementor-element elementor-element-756b533 elementor-widget elementor-widget-heading\" data-id=\"756b533\" data-element_type=\"widget\" data-e-type=\"widget\" data-widget_type=\"heading.default\">\n\t\t\t\t<div class=\"elementor-widget-container\">\n\t\t\t\t\t<h2 class=\"elementor-heading-title elementor-size-medium\">INFORMATIONS ADDITIONNEL <\/h2>\t\t\t\t<\/div>\n\t\t\t\t<\/div>\n\t\t\t\t\t<\/div>\n\t\t<\/div>\n\t\t\t\t\t<\/div>\n\t\t<\/section>\n\t\t\t\t<section class=\"elementor-section elementor-top-section elementor-element elementor-element-325a786 elementor-section-boxed elementor-section-height-default elementor-section-height-default\" data-id=\"325a786\" data-element_type=\"section\" data-e-type=\"section\">\n\t\t\t\t\t\t<div class=\"elementor-container elementor-column-gap-default\">\n\t\t\t\t\t<div class=\"elementor-column elementor-col-100 elementor-top-column elementor-element elementor-element-cf5cb11\" data-id=\"cf5cb11\" data-element_type=\"column\" data-e-type=\"column\">\n\t\t\t<div class=\"elementor-widget-wrap elementor-element-populated\">\n\t\t\t\t\t\t<div class=\"elementor-element elementor-element-3e18d18 elementor-widget elementor-widget-text-editor\" data-id=\"3e18d18\" data-element_type=\"widget\" data-e-type=\"widget\" data-widget_type=\"text-editor.default\">\n\t\t\t\t<div class=\"elementor-widget-container\">\n\t\t\t\t\t\t\t\t\t<p>Entr\u00e9e \u00e0 4 voies<\/p><p>Charge statique: 4000 kg<\/p><p>Charge dynamique: 1500 kg<\/p><p>Rayonnage d&rsquo;entrep\u00f4t: 1000 kg<\/p>\t\t\t\t\t\t\t\t<\/div>\n\t\t\t\t<\/div>\n\t\t\t\t\t<\/div>\n\t\t<\/div>\n\t\t\t\t\t<\/div>\n\t\t<\/section>\n\t\t\t\t\t<\/div>\n\t\t<\/div>\n\t\t\t\t\t<\/div>\n\t\t<\/section>\n\t\t\t\t<\/div>\n\t\t","protected":false},"excerpt":{"rendered":"<p>produits\/palette en bois\u00a0 \/palette cp palettes cp DESCRIPTION Palettes CP neuves et d\u2019occasion pour l\u2019industrie chimique. Nous proposons les 9 types de palettes CP &#8211; CP1, CP2, CP3, CP4, CP5, CP6, CP7, CP8, CP9. Toutes les palettes peuvent \u00eatre trait\u00e9es thermiquement, s\u00e9ch\u00e9es, marqu\u00e9es conform\u00e9ment \u00e0 la norme NIMP15, pr\u00eates \u00e0 [&hellip;]<\/p>\n","protected":false},"author":1,"featured_media":0,"parent":0,"menu_order":0,"comment_status":"closed","ping_status":"closed","template":"page-templates\/template-pagebuilder-full-width.php","meta":{"om_disable_all_campaigns":false,"_monsterinsights_skip_tracking":false,"_monsterinsights_sitenote_active":false,"_monsterinsights_sitenote_note":"","_monsterinsights_sitenote_category":0,"_uf_show_specific_survey":0,"_uf_disable_surveys":false,"footnotes":""},"class_list":["post-690","page","type-page","status-publish","hentry"],"aioseo_notices":[],"yoast_head":"<!-- This site is optimized with the Yoast SEO plugin v27.2 - https:\/\/yoast.com\/product\/yoast-seo-wordpress\/ -->\n<title>palette cp - Bienvenue sur Wood Star SARL Alg\u00e9rie -Palette Caisse Palox<\/title>\n<meta name=\"robots\" content=\"index, follow, max-snippet:-1, max-image-preview:large, max-video-preview:-1\" \/>\n<link rel=\"canonical\" href=\"https:\/\/woodstar.dz\/index.php\/palette-cp\/\" \/>\n<meta property=\"og:locale\" content=\"fr_FR\" \/>\n<meta property=\"og:type\" content=\"article\" \/>\n<meta property=\"og:title\" content=\"palette cp - Bienvenue sur Wood Star SARL Alg\u00e9rie -Palette Caisse Palox\" \/>\n<meta property=\"og:description\" content=\"produits\/palette en bois\u00a0 \/palette cp palettes cp DESCRIPTION Palettes CP neuves et d\u2019occasion pour l\u2019industrie chimique. Nous proposons les 9 types de palettes CP &#8211; CP1, CP2, CP3, CP4, CP5, CP6, CP7, CP8, CP9. Toutes les palettes peuvent \u00eatre trait\u00e9es thermiquement, s\u00e9ch\u00e9es, marqu\u00e9es conform\u00e9ment \u00e0 la norme NIMP15, pr\u00eates \u00e0 [&hellip;]\" \/>\n<meta property=\"og:url\" content=\"https:\/\/woodstar.dz\/index.php\/palette-cp\/\" \/>\n<meta property=\"og:site_name\" content=\"Bienvenue sur Wood Star SARL Alg\u00e9rie -Palette Caisse Palox\" \/>\n<meta property=\"article:modified_time\" content=\"2019-11-16T23:42:42+00:00\" \/>\n<meta property=\"og:image\" content=\"http:\/\/woodstar.dz\/wp-content\/uploads\/2019\/10\/wood-star-cp5.jpg\" \/>\n<meta name=\"twitter:card\" content=\"summary_large_image\" \/>\n<meta name=\"twitter:label1\" content=\"Dur\u00e9e de lecture estim\u00e9e\" \/>\n\t<meta name=\"twitter:data1\" content=\"1 minute\" \/>\n<script type=\"application\/ld+json\" class=\"yoast-schema-graph\">{\"@context\":\"https:\/\/schema.org\",\"@graph\":[{\"@type\":\"WebPage\",\"@id\":\"https:\/\/woodstar.dz\/index.php\/palette-cp\/\",\"url\":\"https:\/\/woodstar.dz\/index.php\/palette-cp\/\",\"name\":\"palette cp - Bienvenue sur Wood Star SARL Alg\u00e9rie -Palette Caisse Palox\",\"isPartOf\":{\"@id\":\"https:\/\/woodstar.dz\/#website\"},\"primaryImageOfPage\":{\"@id\":\"https:\/\/woodstar.dz\/index.php\/palette-cp\/#primaryimage\"},\"image\":{\"@id\":\"https:\/\/woodstar.dz\/index.php\/palette-cp\/#primaryimage\"},\"thumbnailUrl\":\"http:\/\/woodstar.dz\/wp-content\/uploads\/2019\/10\/wood-star-cp5.jpg\",\"datePublished\":\"2019-11-16T23:34:13+00:00\",\"dateModified\":\"2019-11-16T23:42:42+00:00\",\"breadcrumb\":{\"@id\":\"https:\/\/woodstar.dz\/index.php\/palette-cp\/#breadcrumb\"},\"inLanguage\":\"fr-FR\",\"potentialAction\":[{\"@type\":\"ReadAction\",\"target\":[\"https:\/\/woodstar.dz\/index.php\/palette-cp\/\"]}]},{\"@type\":\"ImageObject\",\"inLanguage\":\"fr-FR\",\"@id\":\"https:\/\/woodstar.dz\/index.php\/palette-cp\/#primaryimage\",\"url\":\"http:\/\/woodstar.dz\/wp-content\/uploads\/2019\/10\/wood-star-cp5.jpg\",\"contentUrl\":\"http:\/\/woodstar.dz\/wp-content\/uploads\/2019\/10\/wood-star-cp5.jpg\"},{\"@type\":\"BreadcrumbList\",\"@id\":\"https:\/\/woodstar.dz\/index.php\/palette-cp\/#breadcrumb\",\"itemListElement\":[{\"@type\":\"ListItem\",\"position\":1,\"name\":\"Home\",\"item\":\"https:\/\/woodstar.dz\/\"},{\"@type\":\"ListItem\",\"position\":2,\"name\":\"palette cp\"}]},{\"@type\":\"WebSite\",\"@id\":\"https:\/\/woodstar.dz\/#website\",\"url\":\"https:\/\/woodstar.dz\/\",\"name\":\"wood star\",\"description\":\"Palette Caisse Palox Alg\u00e9rie\",\"publisher\":{\"@id\":\"https:\/\/woodstar.dz\/#organization\"},\"potentialAction\":[{\"@type\":\"SearchAction\",\"target\":{\"@type\":\"EntryPoint\",\"urlTemplate\":\"https:\/\/woodstar.dz\/?s={search_term_string}\"},\"query-input\":{\"@type\":\"PropertyValueSpecification\",\"valueRequired\":true,\"valueName\":\"search_term_string\"}}],\"inLanguage\":\"fr-FR\"},{\"@type\":\"Organization\",\"@id\":\"https:\/\/woodstar.dz\/#organization\",\"name\":\"wood star sarl\",\"url\":\"https:\/\/woodstar.dz\/\",\"logo\":{\"@type\":\"ImageObject\",\"inLanguage\":\"fr-FR\",\"@id\":\"https:\/\/woodstar.dz\/#\/schema\/logo\/image\/\",\"url\":\"https:\/\/woodstar.dz\/wp-content\/uploads\/2019\/10\/newlogobgoff.png\",\"contentUrl\":\"https:\/\/woodstar.dz\/wp-content\/uploads\/2019\/10\/newlogobgoff.png\",\"width\":575,\"height\":404,\"caption\":\"wood star sarl\"},\"image\":{\"@id\":\"https:\/\/woodstar.dz\/#\/schema\/logo\/image\/\"}}]}<\/script>\n<!-- \/ Yoast SEO plugin. -->","yoast_head_json":{"title":"palette cp - Bienvenue sur Wood Star SARL Alg\u00e9rie -Palette Caisse Palox","robots":{"index":"index","follow":"follow","max-snippet":"max-snippet:-1","max-image-preview":"max-image-preview:large","max-video-preview":"max-video-preview:-1"},"canonical":"https:\/\/woodstar.dz\/index.php\/palette-cp\/","og_locale":"fr_FR","og_type":"article","og_title":"palette cp - Bienvenue sur Wood Star SARL Alg\u00e9rie -Palette Caisse Palox","og_description":"produits\/palette en bois\u00a0 \/palette cp palettes cp DESCRIPTION Palettes CP neuves et d\u2019occasion pour l\u2019industrie chimique. Nous proposons les 9 types de palettes CP &#8211; CP1, CP2, CP3, CP4, CP5, CP6, CP7, CP8, CP9. Toutes les palettes peuvent \u00eatre trait\u00e9es thermiquement, s\u00e9ch\u00e9es, marqu\u00e9es conform\u00e9ment \u00e0 la norme NIMP15, pr\u00eates \u00e0 [&hellip;]","og_url":"https:\/\/woodstar.dz\/index.php\/palette-cp\/","og_site_name":"Bienvenue sur Wood Star SARL Alg\u00e9rie -Palette Caisse Palox","article_modified_time":"2019-11-16T23:42:42+00:00","og_image":[{"url":"http:\/\/woodstar.dz\/wp-content\/uploads\/2019\/10\/wood-star-cp5.jpg","type":"","width":"","height":""}],"twitter_card":"summary_large_image","twitter_misc":{"Dur\u00e9e de lecture estim\u00e9e":"1 minute"},"schema":{"@context":"https:\/\/schema.org","@graph":[{"@type":"WebPage","@id":"https:\/\/woodstar.dz\/index.php\/palette-cp\/","url":"https:\/\/woodstar.dz\/index.php\/palette-cp\/","name":"palette cp - Bienvenue sur Wood Star SARL Alg\u00e9rie -Palette Caisse Palox","isPartOf":{"@id":"https:\/\/woodstar.dz\/#website"},"primaryImageOfPage":{"@id":"https:\/\/woodstar.dz\/index.php\/palette-cp\/#primaryimage"},"image":{"@id":"https:\/\/woodstar.dz\/index.php\/palette-cp\/#primaryimage"},"thumbnailUrl":"http:\/\/woodstar.dz\/wp-content\/uploads\/2019\/10\/wood-star-cp5.jpg","datePublished":"2019-11-16T23:34:13+00:00","dateModified":"2019-11-16T23:42:42+00:00","breadcrumb":{"@id":"https:\/\/woodstar.dz\/index.php\/palette-cp\/#breadcrumb"},"inLanguage":"fr-FR","potentialAction":[{"@type":"ReadAction","target":["https:\/\/woodstar.dz\/index.php\/palette-cp\/"]}]},{"@type":"ImageObject","inLanguage":"fr-FR","@id":"https:\/\/woodstar.dz\/index.php\/palette-cp\/#primaryimage","url":"http:\/\/woodstar.dz\/wp-content\/uploads\/2019\/10\/wood-star-cp5.jpg","contentUrl":"http:\/\/woodstar.dz\/wp-content\/uploads\/2019\/10\/wood-star-cp5.jpg"},{"@type":"BreadcrumbList","@id":"https:\/\/woodstar.dz\/index.php\/palette-cp\/#breadcrumb","itemListElement":[{"@type":"ListItem","position":1,"name":"Home","item":"https:\/\/woodstar.dz\/"},{"@type":"ListItem","position":2,"name":"palette cp"}]},{"@type":"WebSite","@id":"https:\/\/woodstar.dz\/#website","url":"https:\/\/woodstar.dz\/","name":"wood star","description":"Palette Caisse Palox Alg\u00e9rie","publisher":{"@id":"https:\/\/woodstar.dz\/#organization"},"potentialAction":[{"@type":"SearchAction","target":{"@type":"EntryPoint","urlTemplate":"https:\/\/woodstar.dz\/?s={search_term_string}"},"query-input":{"@type":"PropertyValueSpecification","valueRequired":true,"valueName":"search_term_string"}}],"inLanguage":"fr-FR"},{"@type":"Organization","@id":"https:\/\/woodstar.dz\/#organization","name":"wood star sarl","url":"https:\/\/woodstar.dz\/","logo":{"@type":"ImageObject","inLanguage":"fr-FR","@id":"https:\/\/woodstar.dz\/#\/schema\/logo\/image\/","url":"https:\/\/woodstar.dz\/wp-content\/uploads\/2019\/10\/newlogobgoff.png","contentUrl":"https:\/\/woodstar.dz\/wp-content\/uploads\/2019\/10\/newlogobgoff.png","width":575,"height":404,"caption":"wood star sarl"},"image":{"@id":"https:\/\/woodstar.dz\/#\/schema\/logo\/image\/"}}]}},"_links":{"self":[{"href":"https:\/\/woodstar.dz\/index.php\/wp-json\/wp\/v2\/pages\/690","targetHints":{"allow":["GET"]}}],"collection":[{"href":"https:\/\/woodstar.dz\/index.php\/wp-json\/wp\/v2\/pages"}],"about":[{"href":"https:\/\/woodstar.dz\/index.php\/wp-json\/wp\/v2\/types\/page"}],"author":[{"embeddable":true,"href":"https:\/\/woodstar.dz\/index.php\/wp-json\/wp\/v2\/users\/1"}],"replies":[{"embeddable":true,"href":"https:\/\/woodstar.dz\/index.php\/wp-json\/wp\/v2\/comments?post=690"}],"version-history":[{"count":3,"href":"https:\/\/woodstar.dz\/index.php\/wp-json\/wp\/v2\/pages\/690\/revisions"}],"predecessor-version":[{"id":695,"href":"https:\/\/woodstar.dz\/index.php\/wp-json\/wp\/v2\/pages\/690\/revisions\/695"}],"wp:attachment":[{"href":"https:\/\/woodstar.dz\/index.php\/wp-json\/wp\/v2\/media?parent=690"}],"curies":[{"name":"wp","href":"https:\/\/api.w.org\/{rel}","templated":true}]}}