{"id":566,"date":"2019-11-09T00:45:41","date_gmt":"2019-11-09T00:45:41","guid":{"rendered":"http:\/\/woodstar.dz\/?page_id=566"},"modified":"2019-11-09T08:49:20","modified_gmt":"2019-11-09T08:49:20","slug":"palette-plastique-recupere","status":"publish","type":"page","link":"https:\/\/woodstar.dz\/index.php\/palette-plastique-recupere\/","title":{"rendered":"palette plastique r\u00e9cup\u00e9r\u00e9"},"content":{"rendered":"\t\t<div data-elementor-type=\"wp-page\" data-elementor-id=\"566\" class=\"elementor elementor-566\">\n\t\t\t\t\t\t<section class=\"elementor-section elementor-top-section elementor-element elementor-element-38a63db elementor-section-boxed elementor-section-height-default elementor-section-height-default\" data-id=\"38a63db\" data-element_type=\"section\" data-e-type=\"section\">\n\t\t\t\t\t\t<div class=\"elementor-container elementor-column-gap-default\">\n\t\t\t\t\t<div class=\"elementor-column elementor-col-100 elementor-top-column elementor-element elementor-element-5104ea7\" data-id=\"5104ea7\" data-element_type=\"column\" data-e-type=\"column\">\n\t\t\t<div class=\"elementor-widget-wrap\">\n\t\t\t\t\t\t\t<\/div>\n\t\t<\/div>\n\t\t\t\t\t<\/div>\n\t\t<\/section>\n\t\t\t\t<section class=\"elementor-section elementor-top-section elementor-element elementor-element-51c44d9 elementor-section-stretched elementor-section-boxed elementor-section-height-default elementor-section-height-default\" data-id=\"51c44d9\" data-element_type=\"section\" data-e-type=\"section\" data-settings=\"{&quot;stretch_section&quot;:&quot;section-stretched&quot;}\">\n\t\t\t\t\t\t<div class=\"elementor-container elementor-column-gap-default\">\n\t\t\t\t\t<div class=\"elementor-column elementor-col-100 elementor-top-column elementor-element elementor-element-dffc56d\" data-id=\"dffc56d\" data-element_type=\"column\" data-e-type=\"column\">\n\t\t\t<div class=\"elementor-widget-wrap elementor-element-populated\">\n\t\t\t\t\t\t<div class=\"elementor-element elementor-element-2eac4b4 elementor-widget elementor-widget-text-editor\" data-id=\"2eac4b4\" data-element_type=\"widget\" data-e-type=\"widget\" data-widget_type=\"text-editor.default\">\n\t\t\t\t<div class=\"elementor-widget-container\">\n\t\t\t\t\t\t\t\t\t<p><span style=\"color: #000000;\"><a href=\"http:\/\/woodstar.dz\/index.php\/produits\/\" style=\"color: #000000;\">produits<\/a>\u00a0 &gt;&gt;\u00a0<a href=\"http:\/\/woodstar.dz\/index.php\/palette-en-plastique\/\" style=\"color: #000000;\"> palette plastique<\/a><a href=\"http:\/\/woodstar.dz\/index.php\/caisse-en-bois-et-palox\/\" style=\"color: #000000;\"><\/a> &gt;&gt; <a href=\"http:\/\/woodstar.dz\/index.php\/palette-plastique-recupere\/\" style=\"color: #000000;\">palette plastique r\u00e9cup\u00e9r\u00e9 occasion<\/a><\/span><\/p>\t\t\t\t\t\t\t\t<\/div>\n\t\t\t\t<\/div>\n\t\t\t\t\t<\/div>\n\t\t<\/div>\n\t\t\t\t\t<\/div>\n\t\t<\/section>\n\t\t\t\t<section class=\"elementor-section elementor-top-section elementor-element elementor-element-8a8a472 elementor-section-boxed elementor-section-height-default elementor-section-height-default\" data-id=\"8a8a472\" data-element_type=\"section\" data-e-type=\"section\" data-settings=\"{&quot;background_background&quot;:&quot;classic&quot;}\">\n\t\t\t\t\t\t<div class=\"elementor-container elementor-column-gap-default\">\n\t\t\t\t\t<div class=\"elementor-column elementor-col-100 elementor-top-column elementor-element elementor-element-7ddc807\" data-id=\"7ddc807\" data-element_type=\"column\" data-e-type=\"column\">\n\t\t\t<div class=\"elementor-widget-wrap elementor-element-populated\">\n\t\t\t\t\t\t<section class=\"elementor-section elementor-inner-section elementor-element elementor-element-7521090 elementor-section-boxed elementor-section-height-default elementor-section-height-default\" data-id=\"7521090\" data-element_type=\"section\" data-e-type=\"section\">\n\t\t\t\t\t\t<div class=\"elementor-container elementor-column-gap-default\">\n\t\t\t\t\t<div class=\"elementor-column elementor-col-100 elementor-inner-column elementor-element elementor-element-5a3878a\" data-id=\"5a3878a\" data-element_type=\"column\" data-e-type=\"column\">\n\t\t\t<div class=\"elementor-widget-wrap elementor-element-populated\">\n\t\t\t\t\t\t<div class=\"elementor-element elementor-element-fa79a7a elementor-widget elementor-widget-spacer\" data-id=\"fa79a7a\" data-element_type=\"widget\" data-e-type=\"widget\" data-widget_type=\"spacer.default\">\n\t\t\t\t<div class=\"elementor-widget-container\">\n\t\t\t\t\t\t\t<div class=\"elementor-spacer\">\n\t\t\t<div class=\"elementor-spacer-inner\"><\/div>\n\t\t<\/div>\n\t\t\t\t\t\t<\/div>\n\t\t\t\t<\/div>\n\t\t\t\t\t<\/div>\n\t\t<\/div>\n\t\t\t\t\t<\/div>\n\t\t<\/section>\n\t\t\t\t<section class=\"elementor-section elementor-top-section elementor-element elementor-element-636e8b8 elementor-section-boxed elementor-section-height-default elementor-section-height-default\" data-id=\"636e8b8\" data-element_type=\"section\" data-e-type=\"section\">\n\t\t\t\t\t\t<div class=\"elementor-container elementor-column-gap-default\">\n\t\t\t\t\t<div class=\"elementor-column elementor-col-33 elementor-top-column elementor-element elementor-element-4814b13\" data-id=\"4814b13\" data-element_type=\"column\" data-e-type=\"column\">\n\t\t\t<div class=\"elementor-widget-wrap elementor-element-populated\">\n\t\t\t\t\t\t<div class=\"elementor-element elementor-element-716949e elementor-widget elementor-widget-image\" data-id=\"716949e\" data-element_type=\"widget\" data-e-type=\"widget\" data-widget_type=\"image.default\">\n\t\t\t\t<div class=\"elementor-widget-container\">\n\t\t\t\t\t\t\t\t\t\t\t\t\t\t\t<img fetchpriority=\"high\" decoding=\"async\" width=\"290\" height=\"218\" src=\"https:\/\/woodstar.dz\/wp-content\/uploads\/2019\/11\/ws-palette-plast-recuperation.jpg\" class=\"attachment-large size-large wp-image-478\" alt=\"\" \/>\t\t\t\t\t\t\t\t\t\t\t\t\t\t\t<\/div>\n\t\t\t\t<\/div>\n\t\t\t\t\t<\/div>\n\t\t<\/div>\n\t\t\t\t<div class=\"elementor-column elementor-col-33 elementor-top-column elementor-element elementor-element-6595f05\" data-id=\"6595f05\" data-element_type=\"column\" data-e-type=\"column\">\n\t\t\t<div class=\"elementor-widget-wrap elementor-element-populated\">\n\t\t\t\t\t\t<div class=\"elementor-element elementor-element-3abb2cc elementor-widget elementor-widget-image\" data-id=\"3abb2cc\" data-element_type=\"widget\" data-e-type=\"widget\" data-widget_type=\"image.default\">\n\t\t\t\t<div class=\"elementor-widget-container\">\n\t\t\t\t\t\t\t\t\t\t\t\t\t\t\t<img decoding=\"async\" width=\"425\" height=\"336\" src=\"https:\/\/woodstar.dz\/wp-content\/uploads\/2019\/11\/plast-recuperation.png\" class=\"attachment-large size-large wp-image-477\" alt=\"\" srcset=\"https:\/\/woodstar.dz\/wp-content\/uploads\/2019\/11\/plast-recuperation.png 425w, https:\/\/woodstar.dz\/wp-content\/uploads\/2019\/11\/plast-recuperation-300x237.png 300w\" sizes=\"(max-width: 425px) 100vw, 425px\" \/>\t\t\t\t\t\t\t\t\t\t\t\t\t\t\t<\/div>\n\t\t\t\t<\/div>\n\t\t\t\t\t<\/div>\n\t\t<\/div>\n\t\t\t\t<div class=\"elementor-column elementor-col-33 elementor-top-column elementor-element elementor-element-7c437a4\" data-id=\"7c437a4\" data-element_type=\"column\" data-e-type=\"column\">\n\t\t\t<div class=\"elementor-widget-wrap elementor-element-populated\">\n\t\t\t\t\t\t<div class=\"elementor-element elementor-element-e5e6e34 elementor-widget elementor-widget-heading\" data-id=\"e5e6e34\" data-element_type=\"widget\" data-e-type=\"widget\" data-widget_type=\"heading.default\">\n\t\t\t\t<div class=\"elementor-widget-container\">\n\t\t\t\t\t<h2 class=\"elementor-heading-title elementor-size-default\">palette plastique r\u00e9cup\u00e9r\u00e9  occasion <\/h2>\t\t\t\t<\/div>\n\t\t\t\t<\/div>\n\t\t\t\t\t<\/div>\n\t\t<\/div>\n\t\t\t\t\t<\/div>\n\t\t<\/section>\n\t\t\t\t<section class=\"elementor-section elementor-top-section elementor-element elementor-element-c536acb elementor-section-boxed elementor-section-height-default elementor-section-height-default\" data-id=\"c536acb\" data-element_type=\"section\" data-e-type=\"section\">\n\t\t\t\t\t\t<div class=\"elementor-container elementor-column-gap-default\">\n\t\t\t\t\t<div class=\"elementor-column elementor-col-100 elementor-top-column elementor-element elementor-element-09d3cc5\" data-id=\"09d3cc5\" data-element_type=\"column\" data-e-type=\"column\">\n\t\t\t<div class=\"elementor-widget-wrap elementor-element-populated\">\n\t\t\t\t\t\t<div class=\"elementor-element elementor-element-6df5b34 elementor-widget elementor-widget-heading\" data-id=\"6df5b34\" data-element_type=\"widget\" data-e-type=\"widget\" data-widget_type=\"heading.default\">\n\t\t\t\t<div class=\"elementor-widget-container\">\n\t\t\t\t\t<h2 class=\"elementor-heading-title elementor-size-medium\">DESCRIPTION<\/h2>\t\t\t\t<\/div>\n\t\t\t\t<\/div>\n\t\t\t\t<section class=\"elementor-section elementor-top-section elementor-element elementor-element-c54bdb4 elementor-section-boxed elementor-section-height-default elementor-section-height-default\" data-id=\"c54bdb4\" data-element_type=\"section\" data-e-type=\"section\">\n\t\t\t\t\t\t<div class=\"elementor-container elementor-column-gap-default\">\n\t\t\t\t\t<div class=\"elementor-column elementor-col-100 elementor-top-column elementor-element elementor-element-3cb0ff2\" data-id=\"3cb0ff2\" data-element_type=\"column\" data-e-type=\"column\">\n\t\t\t<div class=\"elementor-widget-wrap elementor-element-populated\">\n\t\t\t\t\t\t<div class=\"elementor-element elementor-element-c184347 elementor-widget elementor-widget-text-editor\" data-id=\"c184347\" data-element_type=\"widget\" data-e-type=\"widget\" data-widget_type=\"text-editor.default\">\n\t\t\t\t<div class=\"elementor-widget-container\">\n\t\t\t\t\t\t\t\t\t<p><span>Les palettes\u00a0 utilis\u00e9es sont en bon \u00e9tat de fonctionnement, sans dommage majeur ni contamination,\u00a0 Nous proposons une large gamme de palettes industrielles de diff\u00e9rentes tailles et conditions,\u00a0 Nous stockons toujours diff\u00e9rents types de palettes en bois d&rsquo;occasion. Veuillez contacter notre \u00e9quipe de vente pour conna\u00eetre la disponibilit\u00e9 du produit et son prix de gros.<\/span><\/p>\t\t\t\t\t\t\t\t<\/div>\n\t\t\t\t<\/div>\n\t\t\t\t\t<\/div>\n\t\t<\/div>\n\t\t\t\t\t<\/div>\n\t\t<\/section>\n\t\t\t\t\t<\/div>\n\t\t<\/div>\n\t\t\t\t\t<\/div>\n\t\t<\/section>\n\t\t\t\t<section class=\"elementor-section elementor-top-section elementor-element elementor-element-cf4be06 elementor-section-boxed elementor-section-height-default elementor-section-height-default\" data-id=\"cf4be06\" data-element_type=\"section\" data-e-type=\"section\">\n\t\t\t\t\t\t<div class=\"elementor-container elementor-column-gap-default\">\n\t\t\t\t\t<div class=\"elementor-column elementor-col-100 elementor-top-column elementor-element elementor-element-10b7c63\" data-id=\"10b7c63\" data-element_type=\"column\" data-e-type=\"column\">\n\t\t\t<div class=\"elementor-widget-wrap elementor-element-populated\">\n\t\t\t\t\t\t<div class=\"elementor-element elementor-element-58b2190 elementor-widget elementor-widget-heading\" data-id=\"58b2190\" data-element_type=\"widget\" data-e-type=\"widget\" data-widget_type=\"heading.default\">\n\t\t\t\t<div class=\"elementor-widget-container\">\n\t\t\t\t\t<h2 class=\"elementor-heading-title elementor-size-medium\">DIMENSIONS<\/h2>\t\t\t\t<\/div>\n\t\t\t\t<\/div>\n\t\t\t\t<section class=\"elementor-section elementor-top-section elementor-element elementor-element-7429347 elementor-section-boxed elementor-section-height-default elementor-section-height-default\" data-id=\"7429347\" data-element_type=\"section\" data-e-type=\"section\">\n\t\t\t\t\t\t<div class=\"elementor-container elementor-column-gap-default\">\n\t\t\t\t\t<div class=\"elementor-column elementor-col-100 elementor-top-column elementor-element elementor-element-cb544bc\" data-id=\"cb544bc\" data-element_type=\"column\" data-e-type=\"column\">\n\t\t\t<div class=\"elementor-widget-wrap elementor-element-populated\">\n\t\t\t\t\t\t<div class=\"elementor-element elementor-element-b59fd81 elementor-widget elementor-widget-text-editor\" data-id=\"b59fd81\" data-element_type=\"widget\" data-e-type=\"widget\" data-widget_type=\"text-editor.default\">\n\t\t\t\t<div class=\"elementor-widget-container\">\n\t\t\t\t\t\t\t\t\t<table><tbody><tr><td>Longueur<\/td><td>Largeur<\/td><td><span style=\"color: #666666; font-family: 'Open Sans'; text-align: center; background-color: #ffffff;\">Hauteur<\/span><\/td><td>Poids<\/td><\/tr><tr><td>1200 mm<\/td><td>1000 mm<\/td><td>180 mm<\/td><td>21,5 kg<\/td><\/tr><\/tbody><\/table>\t\t\t\t\t\t\t\t<\/div>\n\t\t\t\t<\/div>\n\t\t\t\t\t<\/div>\n\t\t<\/div>\n\t\t\t\t\t<\/div>\n\t\t<\/section>\n\t\t\t\t\t<\/div>\n\t\t<\/div>\n\t\t\t\t\t<\/div>\n\t\t<\/section>\n\t\t\t\t<section class=\"elementor-section elementor-top-section elementor-element elementor-element-8872bbe elementor-section-boxed elementor-section-height-default elementor-section-height-default\" data-id=\"8872bbe\" data-element_type=\"section\" data-e-type=\"section\">\n\t\t\t\t\t\t<div class=\"elementor-container elementor-column-gap-default\">\n\t\t\t\t\t<div class=\"elementor-column elementor-col-100 elementor-top-column elementor-element elementor-element-3f63ce0\" data-id=\"3f63ce0\" data-element_type=\"column\" data-e-type=\"column\">\n\t\t\t<div class=\"elementor-widget-wrap elementor-element-populated\">\n\t\t\t\t\t\t<div class=\"elementor-element elementor-element-af89283 elementor-widget elementor-widget-heading\" data-id=\"af89283\" data-element_type=\"widget\" data-e-type=\"widget\" data-widget_type=\"heading.default\">\n\t\t\t\t<div class=\"elementor-widget-container\">\n\t\t\t\t\t<h2 class=\"elementor-heading-title elementor-size-medium\">INFORMATIONS ADDITIONNEL <\/h2>\t\t\t\t<\/div>\n\t\t\t\t<\/div>\n\t\t\t\t\t<\/div>\n\t\t<\/div>\n\t\t\t\t\t<\/div>\n\t\t<\/section>\n\t\t\t\t<section class=\"elementor-section elementor-top-section elementor-element elementor-element-ce3b24b elementor-section-boxed elementor-section-height-default elementor-section-height-default\" data-id=\"ce3b24b\" data-element_type=\"section\" data-e-type=\"section\">\n\t\t\t\t\t\t<div class=\"elementor-container elementor-column-gap-default\">\n\t\t\t\t\t<div class=\"elementor-column elementor-col-100 elementor-top-column elementor-element elementor-element-9d804df\" data-id=\"9d804df\" data-element_type=\"column\" data-e-type=\"column\">\n\t\t\t<div class=\"elementor-widget-wrap elementor-element-populated\">\n\t\t\t\t\t\t<div class=\"elementor-element elementor-element-97e79d8 elementor-widget elementor-widget-text-editor\" data-id=\"97e79d8\" data-element_type=\"widget\" data-e-type=\"widget\" data-widget_type=\"text-editor.default\">\n\t\t\t\t<div class=\"elementor-widget-container\">\n\t\t\t\t\t\t\t\t\t<div><span style=\"color: #666666; font-family: Open Sans;\">\u00a0<\/span><\/div><ul style=\"margin-bottom: 10px; background-color: #ffffff;\"><li style=\"color: #666666; font-family: 'Open Sans';\">Charge statique Kg 5000<\/li><li style=\"color: #666666; font-family: 'Open Sans';\">Charge dynamique Kg 2000<\/li><li style=\"color: #666666; font-family: 'Open Sans';\">Charge sur rack Kg 1250<\/li><\/ul>\t\t\t\t\t\t\t\t<\/div>\n\t\t\t\t<\/div>\n\t\t\t\t\t<\/div>\n\t\t<\/div>\n\t\t\t\t\t<\/div>\n\t\t<\/section>\n\t\t\t\t\t<\/div>\n\t\t<\/div>\n\t\t\t\t\t<\/div>\n\t\t<\/section>\n\t\t\t\t<\/div>\n\t\t","protected":false},"excerpt":{"rendered":"<p>produits\u00a0 &gt;&gt;\u00a0 palette plastique &gt;&gt; palette plastique r\u00e9cup\u00e9r\u00e9 occasion palette plastique r\u00e9cup\u00e9r\u00e9 occasion DESCRIPTION Les palettes\u00a0 utilis\u00e9es sont en bon \u00e9tat de fonctionnement, sans dommage majeur ni contamination,\u00a0 Nous proposons une large gamme de palettes industrielles de diff\u00e9rentes tailles et conditions,\u00a0 Nous stockons toujours diff\u00e9rents types de palettes en bois [&hellip;]<\/p>\n","protected":false},"author":1,"featured_media":0,"parent":0,"menu_order":0,"comment_status":"closed","ping_status":"closed","template":"page-templates\/template-pagebuilder-full-width.php","meta":{"om_disable_all_campaigns":false,"_monsterinsights_skip_tracking":false,"_monsterinsights_sitenote_active":false,"_monsterinsights_sitenote_note":"","_monsterinsights_sitenote_category":0,"_uf_show_specific_survey":0,"_uf_disable_surveys":false,"footnotes":""},"class_list":["post-566","page","type-page","status-publish","hentry"],"aioseo_notices":[],"yoast_head":"<!-- This site is optimized with the Yoast SEO plugin v27.2 - https:\/\/yoast.com\/product\/yoast-seo-wordpress\/ -->\n<title>palette plastique r\u00e9cup\u00e9r\u00e9 - Bienvenue sur Wood Star SARL Alg\u00e9rie -Palette Caisse Palox<\/title>\n<meta name=\"robots\" content=\"index, follow, max-snippet:-1, max-image-preview:large, max-video-preview:-1\" \/>\n<link rel=\"canonical\" href=\"https:\/\/woodstar.dz\/index.php\/palette-plastique-recupere\/\" \/>\n<meta property=\"og:locale\" content=\"fr_FR\" \/>\n<meta property=\"og:type\" content=\"article\" \/>\n<meta property=\"og:title\" content=\"palette plastique r\u00e9cup\u00e9r\u00e9 - Bienvenue sur Wood Star SARL Alg\u00e9rie -Palette Caisse Palox\" \/>\n<meta property=\"og:description\" content=\"produits\u00a0 &gt;&gt;\u00a0 palette plastique &gt;&gt; palette plastique r\u00e9cup\u00e9r\u00e9 occasion palette plastique r\u00e9cup\u00e9r\u00e9 occasion DESCRIPTION Les palettes\u00a0 utilis\u00e9es sont en bon \u00e9tat de fonctionnement, sans dommage majeur ni contamination,\u00a0 Nous proposons une large gamme de palettes industrielles de diff\u00e9rentes tailles et conditions,\u00a0 Nous stockons toujours diff\u00e9rents types de palettes en bois [&hellip;]\" \/>\n<meta property=\"og:url\" content=\"https:\/\/woodstar.dz\/index.php\/palette-plastique-recupere\/\" \/>\n<meta property=\"og:site_name\" content=\"Bienvenue sur Wood Star SARL Alg\u00e9rie -Palette Caisse Palox\" \/>\n<meta property=\"article:modified_time\" content=\"2019-11-09T08:49:20+00:00\" \/>\n<meta property=\"og:image\" content=\"http:\/\/woodstar.dz\/wp-content\/uploads\/2019\/11\/ws-palette-plast-recuperation.jpg\" \/>\n<meta name=\"twitter:card\" content=\"summary_large_image\" \/>\n<script type=\"application\/ld+json\" class=\"yoast-schema-graph\">{\"@context\":\"https:\/\/schema.org\",\"@graph\":[{\"@type\":\"WebPage\",\"@id\":\"https:\/\/woodstar.dz\/index.php\/palette-plastique-recupere\/\",\"url\":\"https:\/\/woodstar.dz\/index.php\/palette-plastique-recupere\/\",\"name\":\"palette plastique r\u00e9cup\u00e9r\u00e9 - Bienvenue sur Wood Star SARL Alg\u00e9rie -Palette Caisse Palox\",\"isPartOf\":{\"@id\":\"https:\/\/woodstar.dz\/#website\"},\"primaryImageOfPage\":{\"@id\":\"https:\/\/woodstar.dz\/index.php\/palette-plastique-recupere\/#primaryimage\"},\"image\":{\"@id\":\"https:\/\/woodstar.dz\/index.php\/palette-plastique-recupere\/#primaryimage\"},\"thumbnailUrl\":\"http:\/\/woodstar.dz\/wp-content\/uploads\/2019\/11\/ws-palette-plast-recuperation.jpg\",\"datePublished\":\"2019-11-09T00:45:41+00:00\",\"dateModified\":\"2019-11-09T08:49:20+00:00\",\"breadcrumb\":{\"@id\":\"https:\/\/woodstar.dz\/index.php\/palette-plastique-recupere\/#breadcrumb\"},\"inLanguage\":\"fr-FR\",\"potentialAction\":[{\"@type\":\"ReadAction\",\"target\":[\"https:\/\/woodstar.dz\/index.php\/palette-plastique-recupere\/\"]}]},{\"@type\":\"ImageObject\",\"inLanguage\":\"fr-FR\",\"@id\":\"https:\/\/woodstar.dz\/index.php\/palette-plastique-recupere\/#primaryimage\",\"url\":\"http:\/\/woodstar.dz\/wp-content\/uploads\/2019\/11\/ws-palette-plast-recuperation.jpg\",\"contentUrl\":\"http:\/\/woodstar.dz\/wp-content\/uploads\/2019\/11\/ws-palette-plast-recuperation.jpg\"},{\"@type\":\"BreadcrumbList\",\"@id\":\"https:\/\/woodstar.dz\/index.php\/palette-plastique-recupere\/#breadcrumb\",\"itemListElement\":[{\"@type\":\"ListItem\",\"position\":1,\"name\":\"Home\",\"item\":\"https:\/\/woodstar.dz\/\"},{\"@type\":\"ListItem\",\"position\":2,\"name\":\"palette plastique r\u00e9cup\u00e9r\u00e9\"}]},{\"@type\":\"WebSite\",\"@id\":\"https:\/\/woodstar.dz\/#website\",\"url\":\"https:\/\/woodstar.dz\/\",\"name\":\"wood star\",\"description\":\"Palette Caisse Palox Alg\u00e9rie\",\"publisher\":{\"@id\":\"https:\/\/woodstar.dz\/#organization\"},\"potentialAction\":[{\"@type\":\"SearchAction\",\"target\":{\"@type\":\"EntryPoint\",\"urlTemplate\":\"https:\/\/woodstar.dz\/?s={search_term_string}\"},\"query-input\":{\"@type\":\"PropertyValueSpecification\",\"valueRequired\":true,\"valueName\":\"search_term_string\"}}],\"inLanguage\":\"fr-FR\"},{\"@type\":\"Organization\",\"@id\":\"https:\/\/woodstar.dz\/#organization\",\"name\":\"wood star sarl\",\"url\":\"https:\/\/woodstar.dz\/\",\"logo\":{\"@type\":\"ImageObject\",\"inLanguage\":\"fr-FR\",\"@id\":\"https:\/\/woodstar.dz\/#\/schema\/logo\/image\/\",\"url\":\"https:\/\/woodstar.dz\/wp-content\/uploads\/2019\/10\/newlogobgoff.png\",\"contentUrl\":\"https:\/\/woodstar.dz\/wp-content\/uploads\/2019\/10\/newlogobgoff.png\",\"width\":575,\"height\":404,\"caption\":\"wood star sarl\"},\"image\":{\"@id\":\"https:\/\/woodstar.dz\/#\/schema\/logo\/image\/\"}}]}<\/script>\n<!-- \/ Yoast SEO plugin. -->","yoast_head_json":{"title":"palette plastique r\u00e9cup\u00e9r\u00e9 - Bienvenue sur Wood Star SARL Alg\u00e9rie -Palette Caisse Palox","robots":{"index":"index","follow":"follow","max-snippet":"max-snippet:-1","max-image-preview":"max-image-preview:large","max-video-preview":"max-video-preview:-1"},"canonical":"https:\/\/woodstar.dz\/index.php\/palette-plastique-recupere\/","og_locale":"fr_FR","og_type":"article","og_title":"palette plastique r\u00e9cup\u00e9r\u00e9 - Bienvenue sur Wood Star SARL Alg\u00e9rie -Palette Caisse Palox","og_description":"produits\u00a0 &gt;&gt;\u00a0 palette plastique &gt;&gt; palette plastique r\u00e9cup\u00e9r\u00e9 occasion palette plastique r\u00e9cup\u00e9r\u00e9 occasion DESCRIPTION Les palettes\u00a0 utilis\u00e9es sont en bon \u00e9tat de fonctionnement, sans dommage majeur ni contamination,\u00a0 Nous proposons une large gamme de palettes industrielles de diff\u00e9rentes tailles et conditions,\u00a0 Nous stockons toujours diff\u00e9rents types de palettes en bois [&hellip;]","og_url":"https:\/\/woodstar.dz\/index.php\/palette-plastique-recupere\/","og_site_name":"Bienvenue sur Wood Star SARL Alg\u00e9rie -Palette Caisse Palox","article_modified_time":"2019-11-09T08:49:20+00:00","og_image":[{"url":"http:\/\/woodstar.dz\/wp-content\/uploads\/2019\/11\/ws-palette-plast-recuperation.jpg","type":"","width":"","height":""}],"twitter_card":"summary_large_image","schema":{"@context":"https:\/\/schema.org","@graph":[{"@type":"WebPage","@id":"https:\/\/woodstar.dz\/index.php\/palette-plastique-recupere\/","url":"https:\/\/woodstar.dz\/index.php\/palette-plastique-recupere\/","name":"palette plastique r\u00e9cup\u00e9r\u00e9 - Bienvenue sur Wood Star SARL Alg\u00e9rie -Palette Caisse Palox","isPartOf":{"@id":"https:\/\/woodstar.dz\/#website"},"primaryImageOfPage":{"@id":"https:\/\/woodstar.dz\/index.php\/palette-plastique-recupere\/#primaryimage"},"image":{"@id":"https:\/\/woodstar.dz\/index.php\/palette-plastique-recupere\/#primaryimage"},"thumbnailUrl":"http:\/\/woodstar.dz\/wp-content\/uploads\/2019\/11\/ws-palette-plast-recuperation.jpg","datePublished":"2019-11-09T00:45:41+00:00","dateModified":"2019-11-09T08:49:20+00:00","breadcrumb":{"@id":"https:\/\/woodstar.dz\/index.php\/palette-plastique-recupere\/#breadcrumb"},"inLanguage":"fr-FR","potentialAction":[{"@type":"ReadAction","target":["https:\/\/woodstar.dz\/index.php\/palette-plastique-recupere\/"]}]},{"@type":"ImageObject","inLanguage":"fr-FR","@id":"https:\/\/woodstar.dz\/index.php\/palette-plastique-recupere\/#primaryimage","url":"http:\/\/woodstar.dz\/wp-content\/uploads\/2019\/11\/ws-palette-plast-recuperation.jpg","contentUrl":"http:\/\/woodstar.dz\/wp-content\/uploads\/2019\/11\/ws-palette-plast-recuperation.jpg"},{"@type":"BreadcrumbList","@id":"https:\/\/woodstar.dz\/index.php\/palette-plastique-recupere\/#breadcrumb","itemListElement":[{"@type":"ListItem","position":1,"name":"Home","item":"https:\/\/woodstar.dz\/"},{"@type":"ListItem","position":2,"name":"palette plastique r\u00e9cup\u00e9r\u00e9"}]},{"@type":"WebSite","@id":"https:\/\/woodstar.dz\/#website","url":"https:\/\/woodstar.dz\/","name":"wood star","description":"Palette Caisse Palox Alg\u00e9rie","publisher":{"@id":"https:\/\/woodstar.dz\/#organization"},"potentialAction":[{"@type":"SearchAction","target":{"@type":"EntryPoint","urlTemplate":"https:\/\/woodstar.dz\/?s={search_term_string}"},"query-input":{"@type":"PropertyValueSpecification","valueRequired":true,"valueName":"search_term_string"}}],"inLanguage":"fr-FR"},{"@type":"Organization","@id":"https:\/\/woodstar.dz\/#organization","name":"wood star sarl","url":"https:\/\/woodstar.dz\/","logo":{"@type":"ImageObject","inLanguage":"fr-FR","@id":"https:\/\/woodstar.dz\/#\/schema\/logo\/image\/","url":"https:\/\/woodstar.dz\/wp-content\/uploads\/2019\/10\/newlogobgoff.png","contentUrl":"https:\/\/woodstar.dz\/wp-content\/uploads\/2019\/10\/newlogobgoff.png","width":575,"height":404,"caption":"wood star sarl"},"image":{"@id":"https:\/\/woodstar.dz\/#\/schema\/logo\/image\/"}}]}},"_links":{"self":[{"href":"https:\/\/woodstar.dz\/index.php\/wp-json\/wp\/v2\/pages\/566","targetHints":{"allow":["GET"]}}],"collection":[{"href":"https:\/\/woodstar.dz\/index.php\/wp-json\/wp\/v2\/pages"}],"about":[{"href":"https:\/\/woodstar.dz\/index.php\/wp-json\/wp\/v2\/types\/page"}],"author":[{"embeddable":true,"href":"https:\/\/woodstar.dz\/index.php\/wp-json\/wp\/v2\/users\/1"}],"replies":[{"embeddable":true,"href":"https:\/\/woodstar.dz\/index.php\/wp-json\/wp\/v2\/comments?post=566"}],"version-history":[{"count":13,"href":"https:\/\/woodstar.dz\/index.php\/wp-json\/wp\/v2\/pages\/566\/revisions"}],"predecessor-version":[{"id":816,"href":"https:\/\/woodstar.dz\/index.php\/wp-json\/wp\/v2\/pages\/566\/revisions\/816"}],"wp:attachment":[{"href":"https:\/\/woodstar.dz\/index.php\/wp-json\/wp\/v2\/media?parent=566"}],"curies":[{"name":"wp","href":"https:\/\/api.w.org\/{rel}","templated":true}]}}