{"id":513,"date":"2019-11-08T23:10:05","date_gmt":"2019-11-08T23:10:05","guid":{"rendered":"http:\/\/woodstar.dz\/?page_id=513"},"modified":"2019-11-08T23:13:36","modified_gmt":"2019-11-08T23:13:36","slug":"chevalet-de-transport-palette-a-dossert","status":"publish","type":"page","link":"https:\/\/woodstar.dz\/index.php\/chevalet-de-transport-palette-a-dossert\/","title":{"rendered":"chevalet de transport\/palette a dossert"},"content":{"rendered":"\t\t<div data-elementor-type=\"wp-page\" data-elementor-id=\"513\" class=\"elementor elementor-513\">\n\t\t\t\t\t\t<section class=\"elementor-section elementor-top-section elementor-element elementor-element-b7b7f53 elementor-section-boxed elementor-section-height-default elementor-section-height-default\" data-id=\"b7b7f53\" data-element_type=\"section\" data-e-type=\"section\" data-settings=\"{&quot;background_background&quot;:&quot;classic&quot;}\">\n\t\t\t\t\t\t<div class=\"elementor-container elementor-column-gap-default\">\n\t\t\t\t\t<div class=\"elementor-column elementor-col-100 elementor-top-column elementor-element elementor-element-69698b4\" data-id=\"69698b4\" data-element_type=\"column\" data-e-type=\"column\">\n\t\t\t<div class=\"elementor-widget-wrap elementor-element-populated\">\n\t\t\t\t\t\t<section class=\"elementor-section elementor-inner-section elementor-element elementor-element-59b9550 elementor-section-boxed elementor-section-height-default elementor-section-height-default\" data-id=\"59b9550\" data-element_type=\"section\" data-e-type=\"section\">\n\t\t\t\t\t\t<div class=\"elementor-container elementor-column-gap-default\">\n\t\t\t\t\t<div class=\"elementor-column elementor-col-100 elementor-inner-column elementor-element elementor-element-e44bd9a\" data-id=\"e44bd9a\" data-element_type=\"column\" data-e-type=\"column\">\n\t\t\t<div class=\"elementor-widget-wrap elementor-element-populated\">\n\t\t\t\t\t\t<div class=\"elementor-element elementor-element-2af9eb2 elementor-widget elementor-widget-spacer\" data-id=\"2af9eb2\" data-element_type=\"widget\" data-e-type=\"widget\" data-widget_type=\"spacer.default\">\n\t\t\t\t<div class=\"elementor-widget-container\">\n\t\t\t\t\t\t\t<div class=\"elementor-spacer\">\n\t\t\t<div class=\"elementor-spacer-inner\"><\/div>\n\t\t<\/div>\n\t\t\t\t\t\t<\/div>\n\t\t\t\t<\/div>\n\t\t\t\t\t<\/div>\n\t\t<\/div>\n\t\t\t\t\t<\/div>\n\t\t<\/section>\n\t\t\t\t<section class=\"elementor-section elementor-top-section elementor-element elementor-element-69c77b4 elementor-section-boxed elementor-section-height-default elementor-section-height-default\" data-id=\"69c77b4\" data-element_type=\"section\" data-e-type=\"section\">\n\t\t\t\t\t\t<div class=\"elementor-container elementor-column-gap-default\">\n\t\t\t\t\t<div class=\"elementor-column elementor-col-33 elementor-top-column elementor-element elementor-element-567f302\" data-id=\"567f302\" data-element_type=\"column\" data-e-type=\"column\">\n\t\t\t<div class=\"elementor-widget-wrap elementor-element-populated\">\n\t\t\t\t\t\t<div class=\"elementor-element elementor-element-7ae2f68 elementor-widget elementor-widget-image\" data-id=\"7ae2f68\" data-element_type=\"widget\" data-e-type=\"widget\" data-widget_type=\"image.default\">\n\t\t\t\t<div class=\"elementor-widget-container\">\n\t\t\t\t\t\t\t\t\t\t\t\t\t\t\t<img fetchpriority=\"high\" decoding=\"async\" width=\"576\" height=\"768\" src=\"https:\/\/woodstar.dz\/wp-content\/uploads\/2019\/11\/15b877dfe4a04968963edde639bd4810.jpg\" class=\"attachment-large size-large wp-image-516\" alt=\"\" srcset=\"https:\/\/woodstar.dz\/wp-content\/uploads\/2019\/11\/15b877dfe4a04968963edde639bd4810.jpg 576w, https:\/\/woodstar.dz\/wp-content\/uploads\/2019\/11\/15b877dfe4a04968963edde639bd4810-225x300.jpg 225w\" sizes=\"(max-width: 576px) 100vw, 576px\" \/>\t\t\t\t\t\t\t\t\t\t\t\t\t\t\t<\/div>\n\t\t\t\t<\/div>\n\t\t\t\t<div class=\"elementor-element elementor-element-c4ca51d elementor-widget elementor-widget-image\" data-id=\"c4ca51d\" data-element_type=\"widget\" data-e-type=\"widget\" data-widget_type=\"image.default\">\n\t\t\t\t<div class=\"elementor-widget-container\">\n\t\t\t\t\t\t\t\t\t\t\t\t\t\t\t<img decoding=\"async\" width=\"274\" height=\"154\" src=\"https:\/\/woodstar.dz\/wp-content\/uploads\/2019\/11\/dossert.jpg\" class=\"attachment-large size-large wp-image-517\" alt=\"\" \/>\t\t\t\t\t\t\t\t\t\t\t\t\t\t\t<\/div>\n\t\t\t\t<\/div>\n\t\t\t\t<div class=\"elementor-element elementor-element-f5c5ce9 elementor-widget elementor-widget-image\" data-id=\"f5c5ce9\" data-element_type=\"widget\" data-e-type=\"widget\" data-widget_type=\"image.default\">\n\t\t\t\t<div class=\"elementor-widget-container\">\n\t\t\t\t\t\t\t\t\t\t\t\t\t\t\t<img decoding=\"async\" width=\"304\" height=\"166\" src=\"https:\/\/woodstar.dz\/wp-content\/uploads\/2019\/11\/images-6.jpg\" class=\"attachment-large size-large wp-image-518\" alt=\"\" srcset=\"https:\/\/woodstar.dz\/wp-content\/uploads\/2019\/11\/images-6.jpg 304w, https:\/\/woodstar.dz\/wp-content\/uploads\/2019\/11\/images-6-300x164.jpg 300w\" sizes=\"(max-width: 304px) 100vw, 304px\" \/>\t\t\t\t\t\t\t\t\t\t\t\t\t\t\t<\/div>\n\t\t\t\t<\/div>\n\t\t\t\t\t<\/div>\n\t\t<\/div>\n\t\t\t\t<div class=\"elementor-column elementor-col-33 elementor-top-column elementor-element elementor-element-7a4e369\" data-id=\"7a4e369\" data-element_type=\"column\" data-e-type=\"column\">\n\t\t\t<div class=\"elementor-widget-wrap elementor-element-populated\">\n\t\t\t\t\t\t<div class=\"elementor-element elementor-element-88a1c80 elementor-widget elementor-widget-image\" data-id=\"88a1c80\" data-element_type=\"widget\" data-e-type=\"widget\" data-widget_type=\"image.default\">\n\t\t\t\t<div class=\"elementor-widget-container\">\n\t\t\t\t\t\t\t\t\t\t\t\t\t\t\t<img loading=\"lazy\" decoding=\"async\" width=\"500\" height=\"379\" src=\"https:\/\/woodstar.dz\/wp-content\/uploads\/2019\/11\/palettes-bois-dosseret.png\" class=\"attachment-large size-large wp-image-487\" alt=\"\" srcset=\"https:\/\/woodstar.dz\/wp-content\/uploads\/2019\/11\/palettes-bois-dosseret.png 500w, https:\/\/woodstar.dz\/wp-content\/uploads\/2019\/11\/palettes-bois-dosseret-300x227.png 300w\" sizes=\"(max-width: 500px) 100vw, 500px\" \/>\t\t\t\t\t\t\t\t\t\t\t\t\t\t\t<\/div>\n\t\t\t\t<\/div>\n\t\t\t\t\t<\/div>\n\t\t<\/div>\n\t\t\t\t<div class=\"elementor-column elementor-col-33 elementor-top-column elementor-element elementor-element-6c954b3\" data-id=\"6c954b3\" data-element_type=\"column\" data-e-type=\"column\">\n\t\t\t<div class=\"elementor-widget-wrap elementor-element-populated\">\n\t\t\t\t\t\t<div class=\"elementor-element elementor-element-23566f8 elementor-widget elementor-widget-heading\" data-id=\"23566f8\" data-element_type=\"widget\" data-e-type=\"widget\" data-widget_type=\"heading.default\">\n\t\t\t\t<div class=\"elementor-widget-container\">\n\t\t\t\t\t<h2 class=\"elementor-heading-title elementor-size-default\">chevalet de transport\/palette a dossert<\/h2>\t\t\t\t<\/div>\n\t\t\t\t<\/div>\n\t\t\t\t\t<\/div>\n\t\t<\/div>\n\t\t\t\t\t<\/div>\n\t\t<\/section>\n\t\t\t\t<section class=\"elementor-section elementor-top-section elementor-element elementor-element-50774a3 elementor-section-boxed elementor-section-height-default elementor-section-height-default\" data-id=\"50774a3\" data-element_type=\"section\" data-e-type=\"section\">\n\t\t\t\t\t\t<div class=\"elementor-container elementor-column-gap-default\">\n\t\t\t\t\t<div class=\"elementor-column elementor-col-100 elementor-top-column elementor-element elementor-element-811eafe\" data-id=\"811eafe\" data-element_type=\"column\" data-e-type=\"column\">\n\t\t\t<div class=\"elementor-widget-wrap elementor-element-populated\">\n\t\t\t\t\t\t<div class=\"elementor-element elementor-element-209cb1e elementor-widget elementor-widget-heading\" data-id=\"209cb1e\" data-element_type=\"widget\" data-e-type=\"widget\" data-widget_type=\"heading.default\">\n\t\t\t\t<div class=\"elementor-widget-container\">\n\t\t\t\t\t<h2 class=\"elementor-heading-title elementor-size-medium\">DESCRIPTION<\/h2>\t\t\t\t<\/div>\n\t\t\t\t<\/div>\n\t\t\t\t<section class=\"elementor-section elementor-top-section elementor-element elementor-element-b4c2242 elementor-section-boxed elementor-section-height-default elementor-section-height-default\" data-id=\"b4c2242\" data-element_type=\"section\" data-e-type=\"section\">\n\t\t\t\t\t\t<div class=\"elementor-container elementor-column-gap-default\">\n\t\t\t\t\t<div class=\"elementor-column elementor-col-100 elementor-top-column elementor-element elementor-element-71e0bfc\" data-id=\"71e0bfc\" data-element_type=\"column\" data-e-type=\"column\">\n\t\t\t<div class=\"elementor-widget-wrap elementor-element-populated\">\n\t\t\t\t\t\t<div class=\"elementor-element elementor-element-62d6bf4 elementor-widget elementor-widget-text-editor\" data-id=\"62d6bf4\" data-element_type=\"widget\" data-e-type=\"widget\" data-widget_type=\"text-editor.default\">\n\t\t\t\t<div class=\"elementor-widget-container\">\n\t\t\t\t\t\t\t\t\t<p>Nous fabriquons des chevalet en bois sur mesure en forme de A et L\u00a0pour le transport de produits plats. Des chevalet peuvent \u00eatre fabriqu\u00e9s pour les articles l\u00e9gers et lourds: verre, dalles de pierre, comptoirs en granit et marbre, banni\u00e8res ext\u00e9rieures, fen\u00eatres en plastique et en aluminium, portes, etc. Nous proposons deux types:<\/p><ul><li>Transport simple face L<\/li><li>Transport double face A\u00a0<\/li><\/ul><p>Chevalet offrent un moyen s\u00fbr de transporter des marchandises en vrac ou emball\u00e9es et facilitent la recherche d&rsquo;un produit tout en le stockant dans un entrep\u00f4t. Contactez-nous pour plus de d\u00e9tails.<\/p>\t\t\t\t\t\t\t\t<\/div>\n\t\t\t\t<\/div>\n\t\t\t\t\t<\/div>\n\t\t<\/div>\n\t\t\t\t\t<\/div>\n\t\t<\/section>\n\t\t\t\t\t<\/div>\n\t\t<\/div>\n\t\t\t\t\t<\/div>\n\t\t<\/section>\n\t\t\t\t\t<\/div>\n\t\t<\/div>\n\t\t\t\t\t<\/div>\n\t\t<\/section>\n\t\t\t\t<\/div>\n\t\t","protected":false},"excerpt":{"rendered":"<p>chevalet de transport\/palette a dossert DESCRIPTION Nous fabriquons des chevalet en bois sur mesure en forme de A et L\u00a0pour le transport de produits plats. Des chevalet peuvent \u00eatre fabriqu\u00e9s pour les articles l\u00e9gers et lourds: verre, dalles de pierre, comptoirs en granit et marbre, banni\u00e8res ext\u00e9rieures, fen\u00eatres en plastique [&hellip;]<\/p>\n","protected":false},"author":1,"featured_media":0,"parent":0,"menu_order":0,"comment_status":"closed","ping_status":"closed","template":"page-templates\/template-pagebuilder-full-width.php","meta":{"om_disable_all_campaigns":false,"_monsterinsights_skip_tracking":false,"_monsterinsights_sitenote_active":false,"_monsterinsights_sitenote_note":"","_monsterinsights_sitenote_category":0,"_uf_show_specific_survey":0,"_uf_disable_surveys":false,"footnotes":""},"class_list":["post-513","page","type-page","status-publish","hentry"],"aioseo_notices":[],"yoast_head":"<!-- This site is optimized with the Yoast SEO plugin v27.2 - https:\/\/yoast.com\/product\/yoast-seo-wordpress\/ -->\n<title>chevalet de transport\/palette a dossert - Bienvenue sur Wood Star SARL Alg\u00e9rie -Palette Caisse Palox<\/title>\n<meta name=\"robots\" content=\"index, follow, max-snippet:-1, max-image-preview:large, max-video-preview:-1\" \/>\n<link rel=\"canonical\" href=\"https:\/\/woodstar.dz\/index.php\/chevalet-de-transport-palette-a-dossert\/\" \/>\n<meta property=\"og:locale\" content=\"fr_FR\" \/>\n<meta property=\"og:type\" content=\"article\" \/>\n<meta property=\"og:title\" content=\"chevalet de transport\/palette a dossert - Bienvenue sur Wood Star SARL Alg\u00e9rie -Palette Caisse Palox\" \/>\n<meta property=\"og:description\" content=\"chevalet de transport\/palette a dossert DESCRIPTION Nous fabriquons des chevalet en bois sur mesure en forme de A et L\u00a0pour le transport de produits plats. Des chevalet peuvent \u00eatre fabriqu\u00e9s pour les articles l\u00e9gers et lourds: verre, dalles de pierre, comptoirs en granit et marbre, banni\u00e8res ext\u00e9rieures, fen\u00eatres en plastique [&hellip;]\" \/>\n<meta property=\"og:url\" content=\"https:\/\/woodstar.dz\/index.php\/chevalet-de-transport-palette-a-dossert\/\" \/>\n<meta property=\"og:site_name\" content=\"Bienvenue sur Wood Star SARL Alg\u00e9rie -Palette Caisse Palox\" \/>\n<meta property=\"article:modified_time\" content=\"2019-11-08T23:13:36+00:00\" \/>\n<meta property=\"og:image\" content=\"http:\/\/woodstar.dz\/wp-content\/uploads\/2019\/11\/15b877dfe4a04968963edde639bd4810.jpg\" \/>\n<meta name=\"twitter:card\" content=\"summary_large_image\" \/>\n<meta name=\"twitter:label1\" content=\"Dur\u00e9e de lecture estim\u00e9e\" \/>\n\t<meta name=\"twitter:data1\" content=\"1 minute\" \/>\n<script type=\"application\/ld+json\" class=\"yoast-schema-graph\">{\"@context\":\"https:\/\/schema.org\",\"@graph\":[{\"@type\":\"WebPage\",\"@id\":\"https:\/\/woodstar.dz\/index.php\/chevalet-de-transport-palette-a-dossert\/\",\"url\":\"https:\/\/woodstar.dz\/index.php\/chevalet-de-transport-palette-a-dossert\/\",\"name\":\"chevalet de transport\/palette a dossert - Bienvenue sur Wood Star SARL Alg\u00e9rie -Palette Caisse Palox\",\"isPartOf\":{\"@id\":\"https:\/\/woodstar.dz\/#website\"},\"primaryImageOfPage\":{\"@id\":\"https:\/\/woodstar.dz\/index.php\/chevalet-de-transport-palette-a-dossert\/#primaryimage\"},\"image\":{\"@id\":\"https:\/\/woodstar.dz\/index.php\/chevalet-de-transport-palette-a-dossert\/#primaryimage\"},\"thumbnailUrl\":\"http:\/\/woodstar.dz\/wp-content\/uploads\/2019\/11\/15b877dfe4a04968963edde639bd4810.jpg\",\"datePublished\":\"2019-11-08T23:10:05+00:00\",\"dateModified\":\"2019-11-08T23:13:36+00:00\",\"breadcrumb\":{\"@id\":\"https:\/\/woodstar.dz\/index.php\/chevalet-de-transport-palette-a-dossert\/#breadcrumb\"},\"inLanguage\":\"fr-FR\",\"potentialAction\":[{\"@type\":\"ReadAction\",\"target\":[\"https:\/\/woodstar.dz\/index.php\/chevalet-de-transport-palette-a-dossert\/\"]}]},{\"@type\":\"ImageObject\",\"inLanguage\":\"fr-FR\",\"@id\":\"https:\/\/woodstar.dz\/index.php\/chevalet-de-transport-palette-a-dossert\/#primaryimage\",\"url\":\"http:\/\/woodstar.dz\/wp-content\/uploads\/2019\/11\/15b877dfe4a04968963edde639bd4810.jpg\",\"contentUrl\":\"http:\/\/woodstar.dz\/wp-content\/uploads\/2019\/11\/15b877dfe4a04968963edde639bd4810.jpg\"},{\"@type\":\"BreadcrumbList\",\"@id\":\"https:\/\/woodstar.dz\/index.php\/chevalet-de-transport-palette-a-dossert\/#breadcrumb\",\"itemListElement\":[{\"@type\":\"ListItem\",\"position\":1,\"name\":\"Home\",\"item\":\"https:\/\/woodstar.dz\/\"},{\"@type\":\"ListItem\",\"position\":2,\"name\":\"chevalet de transport\/palette a dossert\"}]},{\"@type\":\"WebSite\",\"@id\":\"https:\/\/woodstar.dz\/#website\",\"url\":\"https:\/\/woodstar.dz\/\",\"name\":\"wood star\",\"description\":\"Palette Caisse Palox Alg\u00e9rie\",\"publisher\":{\"@id\":\"https:\/\/woodstar.dz\/#organization\"},\"potentialAction\":[{\"@type\":\"SearchAction\",\"target\":{\"@type\":\"EntryPoint\",\"urlTemplate\":\"https:\/\/woodstar.dz\/?s={search_term_string}\"},\"query-input\":{\"@type\":\"PropertyValueSpecification\",\"valueRequired\":true,\"valueName\":\"search_term_string\"}}],\"inLanguage\":\"fr-FR\"},{\"@type\":\"Organization\",\"@id\":\"https:\/\/woodstar.dz\/#organization\",\"name\":\"wood star sarl\",\"url\":\"https:\/\/woodstar.dz\/\",\"logo\":{\"@type\":\"ImageObject\",\"inLanguage\":\"fr-FR\",\"@id\":\"https:\/\/woodstar.dz\/#\/schema\/logo\/image\/\",\"url\":\"https:\/\/woodstar.dz\/wp-content\/uploads\/2019\/10\/newlogobgoff.png\",\"contentUrl\":\"https:\/\/woodstar.dz\/wp-content\/uploads\/2019\/10\/newlogobgoff.png\",\"width\":575,\"height\":404,\"caption\":\"wood star sarl\"},\"image\":{\"@id\":\"https:\/\/woodstar.dz\/#\/schema\/logo\/image\/\"}}]}<\/script>\n<!-- \/ Yoast SEO plugin. -->","yoast_head_json":{"title":"chevalet de transport\/palette a dossert - Bienvenue sur Wood Star SARL Alg\u00e9rie -Palette Caisse Palox","robots":{"index":"index","follow":"follow","max-snippet":"max-snippet:-1","max-image-preview":"max-image-preview:large","max-video-preview":"max-video-preview:-1"},"canonical":"https:\/\/woodstar.dz\/index.php\/chevalet-de-transport-palette-a-dossert\/","og_locale":"fr_FR","og_type":"article","og_title":"chevalet de transport\/palette a dossert - Bienvenue sur Wood Star SARL Alg\u00e9rie -Palette Caisse Palox","og_description":"chevalet de transport\/palette a dossert DESCRIPTION Nous fabriquons des chevalet en bois sur mesure en forme de A et L\u00a0pour le transport de produits plats. Des chevalet peuvent \u00eatre fabriqu\u00e9s pour les articles l\u00e9gers et lourds: verre, dalles de pierre, comptoirs en granit et marbre, banni\u00e8res ext\u00e9rieures, fen\u00eatres en plastique [&hellip;]","og_url":"https:\/\/woodstar.dz\/index.php\/chevalet-de-transport-palette-a-dossert\/","og_site_name":"Bienvenue sur Wood Star SARL Alg\u00e9rie -Palette Caisse Palox","article_modified_time":"2019-11-08T23:13:36+00:00","og_image":[{"url":"http:\/\/woodstar.dz\/wp-content\/uploads\/2019\/11\/15b877dfe4a04968963edde639bd4810.jpg","type":"","width":"","height":""}],"twitter_card":"summary_large_image","twitter_misc":{"Dur\u00e9e de lecture estim\u00e9e":"1 minute"},"schema":{"@context":"https:\/\/schema.org","@graph":[{"@type":"WebPage","@id":"https:\/\/woodstar.dz\/index.php\/chevalet-de-transport-palette-a-dossert\/","url":"https:\/\/woodstar.dz\/index.php\/chevalet-de-transport-palette-a-dossert\/","name":"chevalet de transport\/palette a dossert - Bienvenue sur Wood Star SARL Alg\u00e9rie -Palette Caisse Palox","isPartOf":{"@id":"https:\/\/woodstar.dz\/#website"},"primaryImageOfPage":{"@id":"https:\/\/woodstar.dz\/index.php\/chevalet-de-transport-palette-a-dossert\/#primaryimage"},"image":{"@id":"https:\/\/woodstar.dz\/index.php\/chevalet-de-transport-palette-a-dossert\/#primaryimage"},"thumbnailUrl":"http:\/\/woodstar.dz\/wp-content\/uploads\/2019\/11\/15b877dfe4a04968963edde639bd4810.jpg","datePublished":"2019-11-08T23:10:05+00:00","dateModified":"2019-11-08T23:13:36+00:00","breadcrumb":{"@id":"https:\/\/woodstar.dz\/index.php\/chevalet-de-transport-palette-a-dossert\/#breadcrumb"},"inLanguage":"fr-FR","potentialAction":[{"@type":"ReadAction","target":["https:\/\/woodstar.dz\/index.php\/chevalet-de-transport-palette-a-dossert\/"]}]},{"@type":"ImageObject","inLanguage":"fr-FR","@id":"https:\/\/woodstar.dz\/index.php\/chevalet-de-transport-palette-a-dossert\/#primaryimage","url":"http:\/\/woodstar.dz\/wp-content\/uploads\/2019\/11\/15b877dfe4a04968963edde639bd4810.jpg","contentUrl":"http:\/\/woodstar.dz\/wp-content\/uploads\/2019\/11\/15b877dfe4a04968963edde639bd4810.jpg"},{"@type":"BreadcrumbList","@id":"https:\/\/woodstar.dz\/index.php\/chevalet-de-transport-palette-a-dossert\/#breadcrumb","itemListElement":[{"@type":"ListItem","position":1,"name":"Home","item":"https:\/\/woodstar.dz\/"},{"@type":"ListItem","position":2,"name":"chevalet de transport\/palette a dossert"}]},{"@type":"WebSite","@id":"https:\/\/woodstar.dz\/#website","url":"https:\/\/woodstar.dz\/","name":"wood star","description":"Palette Caisse Palox Alg\u00e9rie","publisher":{"@id":"https:\/\/woodstar.dz\/#organization"},"potentialAction":[{"@type":"SearchAction","target":{"@type":"EntryPoint","urlTemplate":"https:\/\/woodstar.dz\/?s={search_term_string}"},"query-input":{"@type":"PropertyValueSpecification","valueRequired":true,"valueName":"search_term_string"}}],"inLanguage":"fr-FR"},{"@type":"Organization","@id":"https:\/\/woodstar.dz\/#organization","name":"wood star sarl","url":"https:\/\/woodstar.dz\/","logo":{"@type":"ImageObject","inLanguage":"fr-FR","@id":"https:\/\/woodstar.dz\/#\/schema\/logo\/image\/","url":"https:\/\/woodstar.dz\/wp-content\/uploads\/2019\/10\/newlogobgoff.png","contentUrl":"https:\/\/woodstar.dz\/wp-content\/uploads\/2019\/10\/newlogobgoff.png","width":575,"height":404,"caption":"wood star sarl"},"image":{"@id":"https:\/\/woodstar.dz\/#\/schema\/logo\/image\/"}}]}},"_links":{"self":[{"href":"https:\/\/woodstar.dz\/index.php\/wp-json\/wp\/v2\/pages\/513","targetHints":{"allow":["GET"]}}],"collection":[{"href":"https:\/\/woodstar.dz\/index.php\/wp-json\/wp\/v2\/pages"}],"about":[{"href":"https:\/\/woodstar.dz\/index.php\/wp-json\/wp\/v2\/types\/page"}],"author":[{"embeddable":true,"href":"https:\/\/woodstar.dz\/index.php\/wp-json\/wp\/v2\/users\/1"}],"replies":[{"embeddable":true,"href":"https:\/\/woodstar.dz\/index.php\/wp-json\/wp\/v2\/comments?post=513"}],"version-history":[{"count":3,"href":"https:\/\/woodstar.dz\/index.php\/wp-json\/wp\/v2\/pages\/513\/revisions"}],"predecessor-version":[{"id":521,"href":"https:\/\/woodstar.dz\/index.php\/wp-json\/wp\/v2\/pages\/513\/revisions\/521"}],"wp:attachment":[{"href":"https:\/\/woodstar.dz\/index.php\/wp-json\/wp\/v2\/media?parent=513"}],"curies":[{"name":"wp","href":"https:\/\/api.w.org\/{rel}","templated":true}]}}