{"id":498,"date":"2019-11-08T22:46:52","date_gmt":"2019-11-08T22:46:52","guid":{"rendered":"http:\/\/woodstar.dz\/?page_id=498"},"modified":"2019-11-08T22:55:19","modified_gmt":"2019-11-08T22:55:19","slug":"palox-fruits","status":"publish","type":"page","link":"https:\/\/woodstar.dz\/index.php\/palox-fruits\/","title":{"rendered":"palox fruits"},"content":{"rendered":"\t\t<div data-elementor-type=\"wp-page\" data-elementor-id=\"498\" class=\"elementor elementor-498\">\n\t\t\t\t\t\t<section class=\"elementor-section elementor-top-section elementor-element elementor-element-6e8b7fb elementor-section-boxed elementor-section-height-default elementor-section-height-default\" data-id=\"6e8b7fb\" data-element_type=\"section\" data-e-type=\"section\" data-settings=\"{&quot;background_background&quot;:&quot;classic&quot;}\">\n\t\t\t\t\t\t<div class=\"elementor-container elementor-column-gap-default\">\n\t\t\t\t\t<div class=\"elementor-column elementor-col-100 elementor-top-column elementor-element elementor-element-fddcc77\" data-id=\"fddcc77\" data-element_type=\"column\" data-e-type=\"column\">\n\t\t\t<div class=\"elementor-widget-wrap elementor-element-populated\">\n\t\t\t\t\t\t<section class=\"elementor-section elementor-inner-section elementor-element elementor-element-b44ed04 elementor-section-boxed elementor-section-height-default elementor-section-height-default\" data-id=\"b44ed04\" data-element_type=\"section\" data-e-type=\"section\">\n\t\t\t\t\t\t<div class=\"elementor-container elementor-column-gap-default\">\n\t\t\t\t\t<div class=\"elementor-column elementor-col-100 elementor-inner-column elementor-element elementor-element-cfe03d0\" data-id=\"cfe03d0\" data-element_type=\"column\" data-e-type=\"column\">\n\t\t\t<div class=\"elementor-widget-wrap elementor-element-populated\">\n\t\t\t\t\t\t<div class=\"elementor-element elementor-element-d707915 elementor-widget elementor-widget-spacer\" data-id=\"d707915\" data-element_type=\"widget\" data-e-type=\"widget\" data-widget_type=\"spacer.default\">\n\t\t\t\t<div class=\"elementor-widget-container\">\n\t\t\t\t\t\t\t<div class=\"elementor-spacer\">\n\t\t\t<div class=\"elementor-spacer-inner\"><\/div>\n\t\t<\/div>\n\t\t\t\t\t\t<\/div>\n\t\t\t\t<\/div>\n\t\t\t\t\t<\/div>\n\t\t<\/div>\n\t\t\t\t\t<\/div>\n\t\t<\/section>\n\t\t\t\t<section class=\"elementor-section elementor-top-section elementor-element elementor-element-e0b7d9f elementor-section-boxed elementor-section-height-default elementor-section-height-default\" data-id=\"e0b7d9f\" data-element_type=\"section\" data-e-type=\"section\">\n\t\t\t\t\t\t<div class=\"elementor-container elementor-column-gap-default\">\n\t\t\t\t\t<div class=\"elementor-column elementor-col-33 elementor-top-column elementor-element elementor-element-3c8c821\" data-id=\"3c8c821\" data-element_type=\"column\" data-e-type=\"column\">\n\t\t\t<div class=\"elementor-widget-wrap elementor-element-populated\">\n\t\t\t\t\t\t<div class=\"elementor-element elementor-element-d539b01 elementor-widget elementor-widget-image\" data-id=\"d539b01\" data-element_type=\"widget\" data-e-type=\"widget\" data-widget_type=\"image.default\">\n\t\t\t\t<div class=\"elementor-widget-container\">\n\t\t\t\t\t\t\t\t\t\t\t\t\t\t\t<img fetchpriority=\"high\" decoding=\"async\" width=\"750\" height=\"563\" src=\"https:\/\/woodstar.dz\/wp-content\/uploads\/2019\/11\/caisse-palette-en-bois-6007026.jpg\" class=\"attachment-large size-large wp-image-414\" alt=\"\" srcset=\"https:\/\/woodstar.dz\/wp-content\/uploads\/2019\/11\/caisse-palette-en-bois-6007026.jpg 800w, https:\/\/woodstar.dz\/wp-content\/uploads\/2019\/11\/caisse-palette-en-bois-6007026-300x225.jpg 300w, https:\/\/woodstar.dz\/wp-content\/uploads\/2019\/11\/caisse-palette-en-bois-6007026-768x576.jpg 768w, https:\/\/woodstar.dz\/wp-content\/uploads\/2019\/11\/caisse-palette-en-bois-6007026-600x450.jpg 600w\" sizes=\"(max-width: 750px) 100vw, 750px\" \/>\t\t\t\t\t\t\t\t\t\t\t\t\t\t\t<\/div>\n\t\t\t\t<\/div>\n\t\t\t\t<div class=\"elementor-element elementor-element-b39edeb elementor-widget elementor-widget-image\" data-id=\"b39edeb\" data-element_type=\"widget\" data-e-type=\"widget\" data-widget_type=\"image.default\">\n\t\t\t\t<div class=\"elementor-widget-container\">\n\t\t\t\t\t\t\t\t\t\t\t\t\t\t\t<img decoding=\"async\" width=\"625\" height=\"400\" src=\"https:\/\/woodstar.dz\/wp-content\/uploads\/2019\/11\/wooden-apple-crates-wood-star.jpg\" class=\"attachment-large size-large wp-image-500\" alt=\"\" srcset=\"https:\/\/woodstar.dz\/wp-content\/uploads\/2019\/11\/wooden-apple-crates-wood-star.jpg 625w, https:\/\/woodstar.dz\/wp-content\/uploads\/2019\/11\/wooden-apple-crates-wood-star-300x192.jpg 300w, https:\/\/woodstar.dz\/wp-content\/uploads\/2019\/11\/wooden-apple-crates-wood-star-600x384.jpg 600w\" sizes=\"(max-width: 625px) 100vw, 625px\" \/>\t\t\t\t\t\t\t\t\t\t\t\t\t\t\t<\/div>\n\t\t\t\t<\/div>\n\t\t\t\t<div class=\"elementor-element elementor-element-9ed22df elementor-widget elementor-widget-image\" data-id=\"9ed22df\" data-element_type=\"widget\" data-e-type=\"widget\" data-widget_type=\"image.default\">\n\t\t\t\t<div class=\"elementor-widget-container\">\n\t\t\t\t\t\t\t\t\t\t\t\t\t\t\t<img decoding=\"async\" width=\"750\" height=\"500\" src=\"https:\/\/woodstar.dz\/wp-content\/uploads\/2019\/11\/wooden-caisse-en-bois-pomme-de-terre-ws.jpg\" class=\"attachment-large size-large wp-image-501\" alt=\"\" srcset=\"https:\/\/woodstar.dz\/wp-content\/uploads\/2019\/11\/wooden-caisse-en-bois-pomme-de-terre-ws.jpg 750w, https:\/\/woodstar.dz\/wp-content\/uploads\/2019\/11\/wooden-caisse-en-bois-pomme-de-terre-ws-300x200.jpg 300w, https:\/\/woodstar.dz\/wp-content\/uploads\/2019\/11\/wooden-caisse-en-bois-pomme-de-terre-ws-360x240.jpg 360w, https:\/\/woodstar.dz\/wp-content\/uploads\/2019\/11\/wooden-caisse-en-bois-pomme-de-terre-ws-600x400.jpg 600w\" sizes=\"(max-width: 750px) 100vw, 750px\" \/>\t\t\t\t\t\t\t\t\t\t\t\t\t\t\t<\/div>\n\t\t\t\t<\/div>\n\t\t\t\t\t<\/div>\n\t\t<\/div>\n\t\t\t\t<div class=\"elementor-column elementor-col-33 elementor-top-column elementor-element elementor-element-8493395\" data-id=\"8493395\" data-element_type=\"column\" data-e-type=\"column\">\n\t\t\t<div class=\"elementor-widget-wrap elementor-element-populated\">\n\t\t\t\t\t\t<div class=\"elementor-element elementor-element-5e367a8 elementor-widget elementor-widget-image\" data-id=\"5e367a8\" data-element_type=\"widget\" data-e-type=\"widget\" data-widget_type=\"image.default\">\n\t\t\t\t<div class=\"elementor-widget-container\">\n\t\t\t\t\t\t\t\t\t\t\t\t\t\t\t<img loading=\"lazy\" decoding=\"async\" width=\"750\" height=\"606\" src=\"https:\/\/woodstar.dz\/wp-content\/uploads\/2019\/11\/Palox-fruits-1.jpg\" class=\"attachment-large size-large wp-image-412\" alt=\"\" srcset=\"https:\/\/woodstar.dz\/wp-content\/uploads\/2019\/11\/Palox-fruits-1.jpg 800w, https:\/\/woodstar.dz\/wp-content\/uploads\/2019\/11\/Palox-fruits-1-300x242.jpg 300w, https:\/\/woodstar.dz\/wp-content\/uploads\/2019\/11\/Palox-fruits-1-768x620.jpg 768w, https:\/\/woodstar.dz\/wp-content\/uploads\/2019\/11\/Palox-fruits-1-600x485.jpg 600w\" sizes=\"(max-width: 750px) 100vw, 750px\" \/>\t\t\t\t\t\t\t\t\t\t\t\t\t\t\t<\/div>\n\t\t\t\t<\/div>\n\t\t\t\t\t<\/div>\n\t\t<\/div>\n\t\t\t\t<div class=\"elementor-column elementor-col-33 elementor-top-column elementor-element elementor-element-2a1039e\" data-id=\"2a1039e\" data-element_type=\"column\" data-e-type=\"column\">\n\t\t\t<div class=\"elementor-widget-wrap elementor-element-populated\">\n\t\t\t\t\t\t<div class=\"elementor-element elementor-element-7f3c161 elementor-widget elementor-widget-heading\" data-id=\"7f3c161\" data-element_type=\"widget\" data-e-type=\"widget\" data-widget_type=\"heading.default\">\n\t\t\t\t<div class=\"elementor-widget-container\">\n\t\t\t\t\t<h2 class=\"elementor-heading-title elementor-size-default\">palox fruits  (1200X1000X800)<\/h2>\t\t\t\t<\/div>\n\t\t\t\t<\/div>\n\t\t\t\t\t<\/div>\n\t\t<\/div>\n\t\t\t\t\t<\/div>\n\t\t<\/section>\n\t\t\t\t<section class=\"elementor-section elementor-top-section elementor-element elementor-element-55fb200 elementor-section-boxed elementor-section-height-default elementor-section-height-default\" data-id=\"55fb200\" data-element_type=\"section\" data-e-type=\"section\">\n\t\t\t\t\t\t<div class=\"elementor-container elementor-column-gap-default\">\n\t\t\t\t\t<div class=\"elementor-column elementor-col-100 elementor-top-column elementor-element elementor-element-b840552\" data-id=\"b840552\" data-element_type=\"column\" data-e-type=\"column\">\n\t\t\t<div class=\"elementor-widget-wrap elementor-element-populated\">\n\t\t\t\t\t\t<div class=\"elementor-element elementor-element-2ffb6f8 elementor-widget elementor-widget-heading\" data-id=\"2ffb6f8\" data-element_type=\"widget\" data-e-type=\"widget\" data-widget_type=\"heading.default\">\n\t\t\t\t<div class=\"elementor-widget-container\">\n\t\t\t\t\t<h2 class=\"elementor-heading-title elementor-size-medium\">DESCRIPTION<\/h2>\t\t\t\t<\/div>\n\t\t\t\t<\/div>\n\t\t\t\t<section class=\"elementor-section elementor-top-section elementor-element elementor-element-26f89b6 elementor-section-boxed elementor-section-height-default elementor-section-height-default\" data-id=\"26f89b6\" data-element_type=\"section\" data-e-type=\"section\">\n\t\t\t\t\t\t<div class=\"elementor-container elementor-column-gap-default\">\n\t\t\t\t\t<div class=\"elementor-column elementor-col-100 elementor-top-column elementor-element elementor-element-6357bed\" data-id=\"6357bed\" data-element_type=\"column\" data-e-type=\"column\">\n\t\t\t<div class=\"elementor-widget-wrap elementor-element-populated\">\n\t\t\t\t\t\t<div class=\"elementor-element elementor-element-6ca94a5 elementor-widget elementor-widget-text-editor\" data-id=\"6ca94a5\" data-element_type=\"widget\" data-e-type=\"widget\" data-widget_type=\"text-editor.default\">\n\t\t\t\t<div class=\"elementor-widget-container\">\n\t\t\t\t\t\t\t\t\t<p><span>les caisses de pommes en bois\u00a0 sont utilis\u00e9es pour les fermes de pommes, les producteurs, les fermes horticoles, le stockage de pommes et le fret. Les conteneurs en caisse sont en bois de conif\u00e8res (\u00e9pic\u00e9a, pin), \u00e9paisseur du panneau 20 mm. A l&rsquo;int\u00e9rieur, un chanfrein est choisi partout. Il est assembl\u00e9 avec des clous \u00e0 vis. Pour la commande individuelle, il est possible de produire des peuplements de ch\u00eane et des grumes transversales. Il y a possibilit\u00e9 d&rsquo;installation en 8 niveaux sans \u00e9tag\u00e8res suppl\u00e9mentaires. Lorsqu&rsquo;ils sont livr\u00e9s sous leur forme d\u00e9mont\u00e9e, ils sont assembl\u00e9s par 2 personnes pendant 8 heures pour collecter jusqu&rsquo;\u00e0 100 conteneurs.<\/span><\/p>\t\t\t\t\t\t\t\t<\/div>\n\t\t\t\t<\/div>\n\t\t\t\t\t<\/div>\n\t\t<\/div>\n\t\t\t\t\t<\/div>\n\t\t<\/section>\n\t\t\t\t\t<\/div>\n\t\t<\/div>\n\t\t\t\t\t<\/div>\n\t\t<\/section>\n\t\t\t\t<section class=\"elementor-section elementor-top-section elementor-element elementor-element-8d97410 elementor-section-boxed elementor-section-height-default elementor-section-height-default\" data-id=\"8d97410\" data-element_type=\"section\" data-e-type=\"section\">\n\t\t\t\t\t\t<div class=\"elementor-container elementor-column-gap-default\">\n\t\t\t\t\t<div class=\"elementor-column elementor-col-100 elementor-top-column elementor-element elementor-element-f263562\" data-id=\"f263562\" data-element_type=\"column\" data-e-type=\"column\">\n\t\t\t<div class=\"elementor-widget-wrap elementor-element-populated\">\n\t\t\t\t\t\t<div class=\"elementor-element elementor-element-2652e4b elementor-widget elementor-widget-heading\" data-id=\"2652e4b\" data-element_type=\"widget\" data-e-type=\"widget\" data-widget_type=\"heading.default\">\n\t\t\t\t<div class=\"elementor-widget-container\">\n\t\t\t\t\t<h2 class=\"elementor-heading-title elementor-size-medium\">DIMENSIONS<\/h2>\t\t\t\t<\/div>\n\t\t\t\t<\/div>\n\t\t\t\t<section class=\"elementor-section elementor-top-section elementor-element elementor-element-816f44a elementor-section-boxed elementor-section-height-default elementor-section-height-default\" data-id=\"816f44a\" data-element_type=\"section\" data-e-type=\"section\">\n\t\t\t\t\t\t<div class=\"elementor-container elementor-column-gap-default\">\n\t\t\t\t\t<div class=\"elementor-column elementor-col-100 elementor-top-column elementor-element elementor-element-e8a6229\" data-id=\"e8a6229\" data-element_type=\"column\" data-e-type=\"column\">\n\t\t\t<div class=\"elementor-widget-wrap elementor-element-populated\">\n\t\t\t\t\t\t<div class=\"elementor-element elementor-element-dfd8616 elementor-widget elementor-widget-text-editor\" data-id=\"dfd8616\" data-element_type=\"widget\" data-e-type=\"widget\" data-widget_type=\"text-editor.default\">\n\t\t\t\t<div class=\"elementor-widget-container\">\n\t\t\t\t\t\t\t\t\t<table><tbody><tr><td>Longueur<\/td><td>Largeur<\/td><td><span style=\"color: #666666; font-family: 'Open Sans'; text-align: center; background-color: #ffffff;\">Hauteur<\/span><\/td><td>Poids<\/td><\/tr><tr><td>1200 mm<\/td><td>1000 mm<\/td><td>800 mm<\/td><td>50 kg<\/td><\/tr><\/tbody><\/table>\t\t\t\t\t\t\t\t<\/div>\n\t\t\t\t<\/div>\n\t\t\t\t\t<\/div>\n\t\t<\/div>\n\t\t\t\t\t<\/div>\n\t\t<\/section>\n\t\t\t\t\t<\/div>\n\t\t<\/div>\n\t\t\t\t\t<\/div>\n\t\t<\/section>\n\t\t\t\t<section class=\"elementor-section elementor-top-section elementor-element elementor-element-3a01281 elementor-section-boxed elementor-section-height-default elementor-section-height-default\" data-id=\"3a01281\" data-element_type=\"section\" data-e-type=\"section\">\n\t\t\t\t\t\t<div class=\"elementor-container elementor-column-gap-default\">\n\t\t\t\t\t<div class=\"elementor-column elementor-col-100 elementor-top-column elementor-element elementor-element-c53a384\" data-id=\"c53a384\" data-element_type=\"column\" data-e-type=\"column\">\n\t\t\t<div class=\"elementor-widget-wrap elementor-element-populated\">\n\t\t\t\t\t\t<div class=\"elementor-element elementor-element-a2eea6b elementor-widget elementor-widget-heading\" data-id=\"a2eea6b\" data-element_type=\"widget\" data-e-type=\"widget\" data-widget_type=\"heading.default\">\n\t\t\t\t<div class=\"elementor-widget-container\">\n\t\t\t\t\t<h2 class=\"elementor-heading-title elementor-size-medium\">INFORMATIONS ADDITIONNEL <\/h2>\t\t\t\t<\/div>\n\t\t\t\t<\/div>\n\t\t\t\t\t<\/div>\n\t\t<\/div>\n\t\t\t\t\t<\/div>\n\t\t<\/section>\n\t\t\t\t<section class=\"elementor-section elementor-top-section elementor-element elementor-element-cc8cfd5 elementor-section-boxed elementor-section-height-default elementor-section-height-default\" data-id=\"cc8cfd5\" data-element_type=\"section\" data-e-type=\"section\">\n\t\t\t\t\t\t<div class=\"elementor-container elementor-column-gap-default\">\n\t\t\t\t\t<div class=\"elementor-column elementor-col-100 elementor-top-column elementor-element elementor-element-bc6c11a\" data-id=\"bc6c11a\" data-element_type=\"column\" data-e-type=\"column\">\n\t\t\t<div class=\"elementor-widget-wrap elementor-element-populated\">\n\t\t\t\t\t\t<div class=\"elementor-element elementor-element-157fd0c elementor-widget elementor-widget-text-editor\" data-id=\"157fd0c\" data-element_type=\"widget\" data-e-type=\"widget\" data-widget_type=\"text-editor.default\">\n\t\t\t\t<div class=\"elementor-widget-container\">\n\t\t\t\t\t\t\t\t\t<div><\/div><div><ul style=\"margin-bottom: 10px; color: #666666; font-family: 'Open Sans'; background-color: #ffffff;\"><li style=\"margin-bottom: 0.5rem;\">\u00c9paisseur de la planche: 20 mm<\/li><li style=\"margin-bottom: 0.5rem;\">Capacit\u00e9: 0.96 m3<\/li><li style=\"margin-bottom: 0.5rem;\">Poids de la charge: 500 kg<\/li><\/ul><\/div>\t\t\t\t\t\t\t\t<\/div>\n\t\t\t\t<\/div>\n\t\t\t\t\t<\/div>\n\t\t<\/div>\n\t\t\t\t\t<\/div>\n\t\t<\/section>\n\t\t\t\t\t<\/div>\n\t\t<\/div>\n\t\t\t\t\t<\/div>\n\t\t<\/section>\n\t\t\t\t<\/div>\n\t\t","protected":false},"excerpt":{"rendered":"<p>palox fruits (1200X1000X800) DESCRIPTION les caisses de pommes en bois\u00a0 sont utilis\u00e9es pour les fermes de pommes, les producteurs, les fermes horticoles, le stockage de pommes et le fret. Les conteneurs en caisse sont en bois de conif\u00e8res (\u00e9pic\u00e9a, pin), \u00e9paisseur du panneau 20 mm. A l&rsquo;int\u00e9rieur, un chanfrein est [&hellip;]<\/p>\n","protected":false},"author":1,"featured_media":0,"parent":0,"menu_order":0,"comment_status":"closed","ping_status":"closed","template":"page-templates\/template-pagebuilder-full-width.php","meta":{"om_disable_all_campaigns":false,"_monsterinsights_skip_tracking":false,"_monsterinsights_sitenote_active":false,"_monsterinsights_sitenote_note":"","_monsterinsights_sitenote_category":0,"_uf_show_specific_survey":0,"_uf_disable_surveys":false,"footnotes":""},"class_list":["post-498","page","type-page","status-publish","hentry"],"aioseo_notices":[],"yoast_head":"<!-- This site is optimized with the Yoast SEO plugin v27.2 - https:\/\/yoast.com\/product\/yoast-seo-wordpress\/ -->\n<title>palox fruits - Bienvenue sur Wood Star SARL Alg\u00e9rie -Palette Caisse Palox<\/title>\n<meta name=\"robots\" content=\"index, follow, max-snippet:-1, max-image-preview:large, max-video-preview:-1\" \/>\n<link rel=\"canonical\" href=\"https:\/\/woodstar.dz\/index.php\/palox-fruits\/\" \/>\n<meta property=\"og:locale\" content=\"fr_FR\" \/>\n<meta property=\"og:type\" content=\"article\" \/>\n<meta property=\"og:title\" content=\"palox fruits - Bienvenue sur Wood Star SARL Alg\u00e9rie -Palette Caisse Palox\" \/>\n<meta property=\"og:description\" content=\"palox fruits (1200X1000X800) DESCRIPTION les caisses de pommes en bois\u00a0 sont utilis\u00e9es pour les fermes de pommes, les producteurs, les fermes horticoles, le stockage de pommes et le fret. Les conteneurs en caisse sont en bois de conif\u00e8res (\u00e9pic\u00e9a, pin), \u00e9paisseur du panneau 20 mm. A l&rsquo;int\u00e9rieur, un chanfrein est [&hellip;]\" \/>\n<meta property=\"og:url\" content=\"https:\/\/woodstar.dz\/index.php\/palox-fruits\/\" \/>\n<meta property=\"og:site_name\" content=\"Bienvenue sur Wood Star SARL Alg\u00e9rie -Palette Caisse Palox\" \/>\n<meta property=\"article:modified_time\" content=\"2019-11-08T22:55:19+00:00\" \/>\n<meta property=\"og:image\" content=\"http:\/\/woodstar.dz\/wp-content\/uploads\/2019\/11\/caisse-palette-en-bois-6007026.jpg\" \/>\n<meta name=\"twitter:card\" content=\"summary_large_image\" \/>\n<meta name=\"twitter:label1\" content=\"Dur\u00e9e de lecture estim\u00e9e\" \/>\n\t<meta name=\"twitter:data1\" content=\"1 minute\" \/>\n<script type=\"application\/ld+json\" class=\"yoast-schema-graph\">{\"@context\":\"https:\/\/schema.org\",\"@graph\":[{\"@type\":\"WebPage\",\"@id\":\"https:\/\/woodstar.dz\/index.php\/palox-fruits\/\",\"url\":\"https:\/\/woodstar.dz\/index.php\/palox-fruits\/\",\"name\":\"palox fruits - Bienvenue sur Wood Star SARL Alg\u00e9rie -Palette Caisse Palox\",\"isPartOf\":{\"@id\":\"https:\/\/woodstar.dz\/#website\"},\"primaryImageOfPage\":{\"@id\":\"https:\/\/woodstar.dz\/index.php\/palox-fruits\/#primaryimage\"},\"image\":{\"@id\":\"https:\/\/woodstar.dz\/index.php\/palox-fruits\/#primaryimage\"},\"thumbnailUrl\":\"http:\/\/woodstar.dz\/wp-content\/uploads\/2019\/11\/caisse-palette-en-bois-6007026.jpg\",\"datePublished\":\"2019-11-08T22:46:52+00:00\",\"dateModified\":\"2019-11-08T22:55:19+00:00\",\"breadcrumb\":{\"@id\":\"https:\/\/woodstar.dz\/index.php\/palox-fruits\/#breadcrumb\"},\"inLanguage\":\"fr-FR\",\"potentialAction\":[{\"@type\":\"ReadAction\",\"target\":[\"https:\/\/woodstar.dz\/index.php\/palox-fruits\/\"]}]},{\"@type\":\"ImageObject\",\"inLanguage\":\"fr-FR\",\"@id\":\"https:\/\/woodstar.dz\/index.php\/palox-fruits\/#primaryimage\",\"url\":\"http:\/\/woodstar.dz\/wp-content\/uploads\/2019\/11\/caisse-palette-en-bois-6007026.jpg\",\"contentUrl\":\"http:\/\/woodstar.dz\/wp-content\/uploads\/2019\/11\/caisse-palette-en-bois-6007026.jpg\"},{\"@type\":\"BreadcrumbList\",\"@id\":\"https:\/\/woodstar.dz\/index.php\/palox-fruits\/#breadcrumb\",\"itemListElement\":[{\"@type\":\"ListItem\",\"position\":1,\"name\":\"Home\",\"item\":\"https:\/\/woodstar.dz\/\"},{\"@type\":\"ListItem\",\"position\":2,\"name\":\"palox fruits\"}]},{\"@type\":\"WebSite\",\"@id\":\"https:\/\/woodstar.dz\/#website\",\"url\":\"https:\/\/woodstar.dz\/\",\"name\":\"wood star\",\"description\":\"Palette Caisse Palox Alg\u00e9rie\",\"publisher\":{\"@id\":\"https:\/\/woodstar.dz\/#organization\"},\"potentialAction\":[{\"@type\":\"SearchAction\",\"target\":{\"@type\":\"EntryPoint\",\"urlTemplate\":\"https:\/\/woodstar.dz\/?s={search_term_string}\"},\"query-input\":{\"@type\":\"PropertyValueSpecification\",\"valueRequired\":true,\"valueName\":\"search_term_string\"}}],\"inLanguage\":\"fr-FR\"},{\"@type\":\"Organization\",\"@id\":\"https:\/\/woodstar.dz\/#organization\",\"name\":\"wood star sarl\",\"url\":\"https:\/\/woodstar.dz\/\",\"logo\":{\"@type\":\"ImageObject\",\"inLanguage\":\"fr-FR\",\"@id\":\"https:\/\/woodstar.dz\/#\/schema\/logo\/image\/\",\"url\":\"https:\/\/woodstar.dz\/wp-content\/uploads\/2019\/10\/newlogobgoff.png\",\"contentUrl\":\"https:\/\/woodstar.dz\/wp-content\/uploads\/2019\/10\/newlogobgoff.png\",\"width\":575,\"height\":404,\"caption\":\"wood star sarl\"},\"image\":{\"@id\":\"https:\/\/woodstar.dz\/#\/schema\/logo\/image\/\"}}]}<\/script>\n<!-- \/ Yoast SEO plugin. -->","yoast_head_json":{"title":"palox fruits - Bienvenue sur Wood Star SARL Alg\u00e9rie -Palette Caisse Palox","robots":{"index":"index","follow":"follow","max-snippet":"max-snippet:-1","max-image-preview":"max-image-preview:large","max-video-preview":"max-video-preview:-1"},"canonical":"https:\/\/woodstar.dz\/index.php\/palox-fruits\/","og_locale":"fr_FR","og_type":"article","og_title":"palox fruits - Bienvenue sur Wood Star SARL Alg\u00e9rie -Palette Caisse Palox","og_description":"palox fruits (1200X1000X800) DESCRIPTION les caisses de pommes en bois\u00a0 sont utilis\u00e9es pour les fermes de pommes, les producteurs, les fermes horticoles, le stockage de pommes et le fret. Les conteneurs en caisse sont en bois de conif\u00e8res (\u00e9pic\u00e9a, pin), \u00e9paisseur du panneau 20 mm. A l&rsquo;int\u00e9rieur, un chanfrein est [&hellip;]","og_url":"https:\/\/woodstar.dz\/index.php\/palox-fruits\/","og_site_name":"Bienvenue sur Wood Star SARL Alg\u00e9rie -Palette Caisse Palox","article_modified_time":"2019-11-08T22:55:19+00:00","og_image":[{"url":"http:\/\/woodstar.dz\/wp-content\/uploads\/2019\/11\/caisse-palette-en-bois-6007026.jpg","type":"","width":"","height":""}],"twitter_card":"summary_large_image","twitter_misc":{"Dur\u00e9e de lecture estim\u00e9e":"1 minute"},"schema":{"@context":"https:\/\/schema.org","@graph":[{"@type":"WebPage","@id":"https:\/\/woodstar.dz\/index.php\/palox-fruits\/","url":"https:\/\/woodstar.dz\/index.php\/palox-fruits\/","name":"palox fruits - Bienvenue sur Wood Star SARL Alg\u00e9rie -Palette Caisse Palox","isPartOf":{"@id":"https:\/\/woodstar.dz\/#website"},"primaryImageOfPage":{"@id":"https:\/\/woodstar.dz\/index.php\/palox-fruits\/#primaryimage"},"image":{"@id":"https:\/\/woodstar.dz\/index.php\/palox-fruits\/#primaryimage"},"thumbnailUrl":"http:\/\/woodstar.dz\/wp-content\/uploads\/2019\/11\/caisse-palette-en-bois-6007026.jpg","datePublished":"2019-11-08T22:46:52+00:00","dateModified":"2019-11-08T22:55:19+00:00","breadcrumb":{"@id":"https:\/\/woodstar.dz\/index.php\/palox-fruits\/#breadcrumb"},"inLanguage":"fr-FR","potentialAction":[{"@type":"ReadAction","target":["https:\/\/woodstar.dz\/index.php\/palox-fruits\/"]}]},{"@type":"ImageObject","inLanguage":"fr-FR","@id":"https:\/\/woodstar.dz\/index.php\/palox-fruits\/#primaryimage","url":"http:\/\/woodstar.dz\/wp-content\/uploads\/2019\/11\/caisse-palette-en-bois-6007026.jpg","contentUrl":"http:\/\/woodstar.dz\/wp-content\/uploads\/2019\/11\/caisse-palette-en-bois-6007026.jpg"},{"@type":"BreadcrumbList","@id":"https:\/\/woodstar.dz\/index.php\/palox-fruits\/#breadcrumb","itemListElement":[{"@type":"ListItem","position":1,"name":"Home","item":"https:\/\/woodstar.dz\/"},{"@type":"ListItem","position":2,"name":"palox fruits"}]},{"@type":"WebSite","@id":"https:\/\/woodstar.dz\/#website","url":"https:\/\/woodstar.dz\/","name":"wood star","description":"Palette Caisse Palox Alg\u00e9rie","publisher":{"@id":"https:\/\/woodstar.dz\/#organization"},"potentialAction":[{"@type":"SearchAction","target":{"@type":"EntryPoint","urlTemplate":"https:\/\/woodstar.dz\/?s={search_term_string}"},"query-input":{"@type":"PropertyValueSpecification","valueRequired":true,"valueName":"search_term_string"}}],"inLanguage":"fr-FR"},{"@type":"Organization","@id":"https:\/\/woodstar.dz\/#organization","name":"wood star sarl","url":"https:\/\/woodstar.dz\/","logo":{"@type":"ImageObject","inLanguage":"fr-FR","@id":"https:\/\/woodstar.dz\/#\/schema\/logo\/image\/","url":"https:\/\/woodstar.dz\/wp-content\/uploads\/2019\/10\/newlogobgoff.png","contentUrl":"https:\/\/woodstar.dz\/wp-content\/uploads\/2019\/10\/newlogobgoff.png","width":575,"height":404,"caption":"wood star sarl"},"image":{"@id":"https:\/\/woodstar.dz\/#\/schema\/logo\/image\/"}}]}},"_links":{"self":[{"href":"https:\/\/woodstar.dz\/index.php\/wp-json\/wp\/v2\/pages\/498","targetHints":{"allow":["GET"]}}],"collection":[{"href":"https:\/\/woodstar.dz\/index.php\/wp-json\/wp\/v2\/pages"}],"about":[{"href":"https:\/\/woodstar.dz\/index.php\/wp-json\/wp\/v2\/types\/page"}],"author":[{"embeddable":true,"href":"https:\/\/woodstar.dz\/index.php\/wp-json\/wp\/v2\/users\/1"}],"replies":[{"embeddable":true,"href":"https:\/\/woodstar.dz\/index.php\/wp-json\/wp\/v2\/comments?post=498"}],"version-history":[{"count":4,"href":"https:\/\/woodstar.dz\/index.php\/wp-json\/wp\/v2\/pages\/498\/revisions"}],"predecessor-version":[{"id":505,"href":"https:\/\/woodstar.dz\/index.php\/wp-json\/wp\/v2\/pages\/498\/revisions\/505"}],"wp:attachment":[{"href":"https:\/\/woodstar.dz\/index.php\/wp-json\/wp\/v2\/media?parent=498"}],"curies":[{"name":"wp","href":"https:\/\/api.w.org\/{rel}","templated":true}]}}