{"id":34,"date":"2019-10-07T14:59:05","date_gmt":"2019-10-07T14:59:05","guid":{"rendered":"http:\/\/woodstar.dz\/?page_id=34"},"modified":"2019-11-01T14:25:25","modified_gmt":"2019-11-01T14:25:25","slug":"elementor-34","status":"publish","type":"page","link":"https:\/\/woodstar.dz\/index.php\/elementor-34\/","title":{"rendered":"Elementor #34"},"content":{"rendered":"\t\t<div data-elementor-type=\"wp-post\" data-elementor-id=\"34\" class=\"elementor elementor-34\">\n\t\t\t\t\t\t<section class=\"elementor-section elementor-top-section elementor-element elementor-element-e20ae6e elementor-section-boxed elementor-section-height-default elementor-section-height-default\" data-id=\"e20ae6e\" data-element_type=\"section\" data-e-type=\"section\">\n\t\t\t\t\t\t<div class=\"elementor-container elementor-column-gap-default\">\n\t\t\t\t\t<div class=\"elementor-column elementor-col-100 elementor-top-column elementor-element elementor-element-b404add\" data-id=\"b404add\" data-element_type=\"column\" data-e-type=\"column\">\n\t\t\t<div class=\"elementor-widget-wrap elementor-element-populated\">\n\t\t\t\t\t\t<div class=\"elementor-element elementor-element-dc51e2c elementor-widget elementor-widget-spacer\" data-id=\"dc51e2c\" data-element_type=\"widget\" data-e-type=\"widget\" data-widget_type=\"spacer.default\">\n\t\t\t\t<div class=\"elementor-widget-container\">\n\t\t\t\t\t\t\t<div class=\"elementor-spacer\">\n\t\t\t<div class=\"elementor-spacer-inner\"><\/div>\n\t\t<\/div>\n\t\t\t\t\t\t<\/div>\n\t\t\t\t<\/div>\n\t\t\t\t\t<\/div>\n\t\t<\/div>\n\t\t\t\t\t<\/div>\n\t\t<\/section>\n\t\t\t\t<section class=\"elementor-section elementor-top-section elementor-element elementor-element-937dbcf elementor-section-boxed elementor-section-height-default elementor-section-height-default\" data-id=\"937dbcf\" data-element_type=\"section\" data-e-type=\"section\">\n\t\t\t\t\t\t<div class=\"elementor-container elementor-column-gap-default\">\n\t\t\t\t\t<div class=\"elementor-column elementor-col-33 elementor-top-column elementor-element elementor-element-7f34601\" data-id=\"7f34601\" data-element_type=\"column\" data-e-type=\"column\">\n\t\t\t<div class=\"elementor-widget-wrap elementor-element-populated\">\n\t\t\t\t\t\t<div class=\"elementor-element elementor-element-bc97c61 elementor-widget elementor-widget-image\" data-id=\"bc97c61\" data-element_type=\"widget\" data-e-type=\"widget\" data-widget_type=\"image.default\">\n\t\t\t\t<div class=\"elementor-widget-container\">\n\t\t\t\t\t\t\t\t\t\t\t\t\t\t\t<img fetchpriority=\"high\" decoding=\"async\" width=\"750\" height=\"500\" src=\"https:\/\/woodstar.dz\/wp-content\/uploads\/2019\/11\/pressed-pallet-blocks-for-epal-750x500_0.jpg\" class=\"attachment-large size-large wp-image-435\" alt=\"\" srcset=\"https:\/\/woodstar.dz\/wp-content\/uploads\/2019\/11\/pressed-pallet-blocks-for-epal-750x500_0.jpg 750w, https:\/\/woodstar.dz\/wp-content\/uploads\/2019\/11\/pressed-pallet-blocks-for-epal-750x500_0-300x200.jpg 300w, https:\/\/woodstar.dz\/wp-content\/uploads\/2019\/11\/pressed-pallet-blocks-for-epal-750x500_0-360x240.jpg 360w, https:\/\/woodstar.dz\/wp-content\/uploads\/2019\/11\/pressed-pallet-blocks-for-epal-750x500_0-600x400.jpg 600w\" sizes=\"(max-width: 750px) 100vw, 750px\" \/>\t\t\t\t\t\t\t\t\t\t\t\t\t\t\t<\/div>\n\t\t\t\t<\/div>\n\t\t\t\t<div class=\"elementor-element elementor-element-53745c0 elementor-widget elementor-widget-image\" data-id=\"53745c0\" data-element_type=\"widget\" data-e-type=\"widget\" data-widget_type=\"image.default\">\n\t\t\t\t<div class=\"elementor-widget-container\">\n\t\t\t\t\t\t\t\t\t\t\t\t\t\t\t<img decoding=\"async\" width=\"750\" height=\"500\" src=\"https:\/\/woodstar.dz\/wp-content\/uploads\/2019\/11\/epal-eur-pallets-with-pressed-blocks-padeklai-presuotais-kaladukais-3-3-750x500_0.jpg\" class=\"attachment-large size-large wp-image-438\" alt=\"\" srcset=\"https:\/\/woodstar.dz\/wp-content\/uploads\/2019\/11\/epal-eur-pallets-with-pressed-blocks-padeklai-presuotais-kaladukais-3-3-750x500_0.jpg 750w, https:\/\/woodstar.dz\/wp-content\/uploads\/2019\/11\/epal-eur-pallets-with-pressed-blocks-padeklai-presuotais-kaladukais-3-3-750x500_0-300x200.jpg 300w, https:\/\/woodstar.dz\/wp-content\/uploads\/2019\/11\/epal-eur-pallets-with-pressed-blocks-padeklai-presuotais-kaladukais-3-3-750x500_0-360x240.jpg 360w, https:\/\/woodstar.dz\/wp-content\/uploads\/2019\/11\/epal-eur-pallets-with-pressed-blocks-padeklai-presuotais-kaladukais-3-3-750x500_0-600x400.jpg 600w\" sizes=\"(max-width: 750px) 100vw, 750px\" \/>\t\t\t\t\t\t\t\t\t\t\t\t\t\t\t<\/div>\n\t\t\t\t<\/div>\n\t\t\t\t<div class=\"elementor-element elementor-element-7d0aa2f elementor-widget elementor-widget-image\" data-id=\"7d0aa2f\" data-element_type=\"widget\" data-e-type=\"widget\" data-widget_type=\"image.default\">\n\t\t\t\t<div class=\"elementor-widget-container\">\n\t\t\t\t\t\t\t\t\t\t\t\t\t\t\t<img decoding=\"async\" width=\"750\" height=\"500\" src=\"https:\/\/woodstar.dz\/wp-content\/uploads\/2019\/11\/epal-eur-pallets-with-pressed-blocks-padeklai-presuotais-kaladukais-2-2-750x500_0.jpg\" class=\"attachment-large size-large wp-image-437\" alt=\"\" srcset=\"https:\/\/woodstar.dz\/wp-content\/uploads\/2019\/11\/epal-eur-pallets-with-pressed-blocks-padeklai-presuotais-kaladukais-2-2-750x500_0.jpg 750w, https:\/\/woodstar.dz\/wp-content\/uploads\/2019\/11\/epal-eur-pallets-with-pressed-blocks-padeklai-presuotais-kaladukais-2-2-750x500_0-300x200.jpg 300w, https:\/\/woodstar.dz\/wp-content\/uploads\/2019\/11\/epal-eur-pallets-with-pressed-blocks-padeklai-presuotais-kaladukais-2-2-750x500_0-360x240.jpg 360w, https:\/\/woodstar.dz\/wp-content\/uploads\/2019\/11\/epal-eur-pallets-with-pressed-blocks-padeklai-presuotais-kaladukais-2-2-750x500_0-600x400.jpg 600w\" sizes=\"(max-width: 750px) 100vw, 750px\" \/>\t\t\t\t\t\t\t\t\t\t\t\t\t\t\t<\/div>\n\t\t\t\t<\/div>\n\t\t\t\t\t<\/div>\n\t\t<\/div>\n\t\t\t\t<div class=\"elementor-column elementor-col-33 elementor-top-column elementor-element elementor-element-9670318\" data-id=\"9670318\" data-element_type=\"column\" data-e-type=\"column\">\n\t\t\t<div class=\"elementor-widget-wrap elementor-element-populated\">\n\t\t\t\t\t\t<div class=\"elementor-element elementor-element-dea03ed elementor-widget elementor-widget-image\" data-id=\"dea03ed\" data-element_type=\"widget\" data-e-type=\"widget\" data-widget_type=\"image.default\">\n\t\t\t\t<div class=\"elementor-widget-container\">\n\t\t\t\t\t\t\t\t\t\t\t\t\t\t\t<img loading=\"lazy\" decoding=\"async\" width=\"625\" height=\"400\" src=\"https:\/\/woodstar.dz\/wp-content\/uploads\/2019\/11\/epal-euro-pallets-800-1200-with-pressed-wood-blocks-epal-euro-padeklai-su-presuotais-kaladukais-625x400_0.jpg\" class=\"attachment-large size-large wp-image-436\" alt=\"\" srcset=\"https:\/\/woodstar.dz\/wp-content\/uploads\/2019\/11\/epal-euro-pallets-800-1200-with-pressed-wood-blocks-epal-euro-padeklai-su-presuotais-kaladukais-625x400_0.jpg 625w, https:\/\/woodstar.dz\/wp-content\/uploads\/2019\/11\/epal-euro-pallets-800-1200-with-pressed-wood-blocks-epal-euro-padeklai-su-presuotais-kaladukais-625x400_0-300x192.jpg 300w, https:\/\/woodstar.dz\/wp-content\/uploads\/2019\/11\/epal-euro-pallets-800-1200-with-pressed-wood-blocks-epal-euro-padeklai-su-presuotais-kaladukais-625x400_0-600x384.jpg 600w\" sizes=\"(max-width: 625px) 100vw, 625px\" \/>\t\t\t\t\t\t\t\t\t\t\t\t\t\t\t<\/div>\n\t\t\t\t<\/div>\n\t\t\t\t\t<\/div>\n\t\t<\/div>\n\t\t\t\t<div class=\"elementor-column elementor-col-33 elementor-top-column elementor-element elementor-element-5f1a46b\" data-id=\"5f1a46b\" data-element_type=\"column\" data-e-type=\"column\">\n\t\t\t<div class=\"elementor-widget-wrap elementor-element-populated\">\n\t\t\t\t\t\t<div class=\"elementor-element elementor-element-edeb741 elementor-widget elementor-widget-heading\" data-id=\"edeb741\" data-element_type=\"widget\" data-e-type=\"widget\" data-widget_type=\"heading.default\">\n\t\t\t\t<div class=\"elementor-widget-container\">\n\t\t\t\t\t<h2 class=\"elementor-heading-title elementor-size-default\">PALETTES EURO (EPAL)  (800X1200)<\/h2>\t\t\t\t<\/div>\n\t\t\t\t<\/div>\n\t\t\t\t\t<\/div>\n\t\t<\/div>\n\t\t\t\t\t<\/div>\n\t\t<\/section>\n\t\t\t\t<section class=\"elementor-section elementor-top-section elementor-element elementor-element-879b59c elementor-section-boxed elementor-section-height-default elementor-section-height-default\" data-id=\"879b59c\" data-element_type=\"section\" data-e-type=\"section\">\n\t\t\t\t\t\t<div class=\"elementor-container elementor-column-gap-default\">\n\t\t\t\t\t<div class=\"elementor-column elementor-col-100 elementor-top-column elementor-element elementor-element-097abb5\" data-id=\"097abb5\" data-element_type=\"column\" data-e-type=\"column\">\n\t\t\t<div class=\"elementor-widget-wrap elementor-element-populated\">\n\t\t\t\t\t\t<div class=\"elementor-element elementor-element-783c2de elementor-widget elementor-widget-heading\" data-id=\"783c2de\" data-element_type=\"widget\" data-e-type=\"widget\" data-widget_type=\"heading.default\">\n\t\t\t\t<div class=\"elementor-widget-container\">\n\t\t\t\t\t<h2 class=\"elementor-heading-title elementor-size-medium\">DESCRIPTION<\/h2>\t\t\t\t<\/div>\n\t\t\t\t<\/div>\n\t\t\t\t\t<\/div>\n\t\t<\/div>\n\t\t\t\t\t<\/div>\n\t\t<\/section>\n\t\t\t\t<section class=\"elementor-section elementor-top-section elementor-element elementor-element-4746ae5 elementor-section-boxed elementor-section-height-default elementor-section-height-default\" data-id=\"4746ae5\" data-element_type=\"section\" data-e-type=\"section\">\n\t\t\t\t\t\t<div class=\"elementor-container elementor-column-gap-default\">\n\t\t\t\t\t<div class=\"elementor-column elementor-col-100 elementor-top-column elementor-element elementor-element-10cd3fd\" data-id=\"10cd3fd\" data-element_type=\"column\" data-e-type=\"column\">\n\t\t\t<div class=\"elementor-widget-wrap elementor-element-populated\">\n\t\t\t\t\t\t<div class=\"elementor-element elementor-element-3de186d elementor-widget elementor-widget-text-editor\" data-id=\"3de186d\" data-element_type=\"widget\" data-e-type=\"widget\" data-widget_type=\"text-editor.default\">\n\t\t\t\t<div class=\"elementor-widget-container\">\n\t\t\t\t\t\t\t\t\t<p><span>Les palettes Euro EPAL sont fabriqu\u00e9es avec des blocs de bois press\u00e9 carr\u00e9s et rectangulaires (euroblocs). Une structure de bloc durable et dense associe des panneaux sup\u00e9rieur et inf\u00e9rieur offrant un pouvoir de serrage des clous deux fois plus important que celui des blocs en bois massif. Les palettes sont fabriqu\u00e9es conform\u00e9ment au r\u00e8glement technique EPAL, trait\u00e9es ISPM15, marqu\u00e9es avec une agrafe EPAL. Les palettes EURO sont utilis\u00e9es dans les secteurs de l&rsquo;alimentation, de la logistique, des supermarch\u00e9s, de l&rsquo;automobile, de la chimie, de l&rsquo;agriculture et bien d&rsquo;autres.<\/span><\/p>\t\t\t\t\t\t\t\t<\/div>\n\t\t\t\t<\/div>\n\t\t\t\t\t<\/div>\n\t\t<\/div>\n\t\t\t\t\t<\/div>\n\t\t<\/section>\n\t\t\t\t<section class=\"elementor-section elementor-top-section elementor-element elementor-element-ea4eb92 elementor-section-boxed elementor-section-height-default elementor-section-height-default\" data-id=\"ea4eb92\" data-element_type=\"section\" data-e-type=\"section\">\n\t\t\t\t\t\t<div class=\"elementor-container elementor-column-gap-default\">\n\t\t\t\t\t<div class=\"elementor-column elementor-col-100 elementor-top-column elementor-element elementor-element-cf3ab93\" data-id=\"cf3ab93\" data-element_type=\"column\" data-e-type=\"column\">\n\t\t\t<div class=\"elementor-widget-wrap elementor-element-populated\">\n\t\t\t\t\t\t<div class=\"elementor-element elementor-element-3fb3ec3 elementor-widget elementor-widget-spacer\" data-id=\"3fb3ec3\" data-element_type=\"widget\" data-e-type=\"widget\" data-widget_type=\"spacer.default\">\n\t\t\t\t<div class=\"elementor-widget-container\">\n\t\t\t\t\t\t\t<div class=\"elementor-spacer\">\n\t\t\t<div class=\"elementor-spacer-inner\"><\/div>\n\t\t<\/div>\n\t\t\t\t\t\t<\/div>\n\t\t\t\t<\/div>\n\t\t\t\t\t<\/div>\n\t\t<\/div>\n\t\t\t\t\t<\/div>\n\t\t<\/section>\n\t\t\t\t<section class=\"elementor-section elementor-top-section elementor-element elementor-element-60ccd60 elementor-section-boxed elementor-section-height-default elementor-section-height-default\" data-id=\"60ccd60\" data-element_type=\"section\" data-e-type=\"section\">\n\t\t\t\t\t\t<div class=\"elementor-container elementor-column-gap-default\">\n\t\t\t\t\t<div class=\"elementor-column elementor-col-100 elementor-top-column elementor-element elementor-element-5d93244\" data-id=\"5d93244\" data-element_type=\"column\" data-e-type=\"column\">\n\t\t\t<div class=\"elementor-widget-wrap elementor-element-populated\">\n\t\t\t\t\t\t<div class=\"elementor-element elementor-element-56b21b2 elementor-widget elementor-widget-heading\" data-id=\"56b21b2\" data-element_type=\"widget\" data-e-type=\"widget\" data-widget_type=\"heading.default\">\n\t\t\t\t<div class=\"elementor-widget-container\">\n\t\t\t\t\t<h2 class=\"elementor-heading-title elementor-size-medium\">DIMENSIONS<\/h2>\t\t\t\t<\/div>\n\t\t\t\t<\/div>\n\t\t\t\t\t<\/div>\n\t\t<\/div>\n\t\t\t\t\t<\/div>\n\t\t<\/section>\n\t\t\t\t<section class=\"elementor-section elementor-top-section elementor-element elementor-element-7f85fb7 elementor-section-boxed elementor-section-height-default elementor-section-height-default\" data-id=\"7f85fb7\" data-element_type=\"section\" data-e-type=\"section\">\n\t\t\t\t\t\t<div class=\"elementor-container elementor-column-gap-default\">\n\t\t\t\t\t<div class=\"elementor-column elementor-col-100 elementor-top-column elementor-element elementor-element-4653616\" data-id=\"4653616\" data-element_type=\"column\" data-e-type=\"column\">\n\t\t\t<div class=\"elementor-widget-wrap elementor-element-populated\">\n\t\t\t\t\t\t<div class=\"elementor-element elementor-element-a943483 elementor-widget elementor-widget-text-editor\" data-id=\"a943483\" data-element_type=\"widget\" data-e-type=\"widget\" data-widget_type=\"text-editor.default\">\n\t\t\t\t<div class=\"elementor-widget-container\">\n\t\t\t\t\t\t\t\t\t<table><tbody><tr><td>Longueur<\/td><td>Largeur<\/td><td>La taille<\/td><td>Poids<\/td><\/tr><tr><td>1200 mm<\/td><td>800 mm<\/td><td>144 mm<\/td><td>25 kg<\/td><\/tr><\/tbody><\/table>\t\t\t\t\t\t\t\t<\/div>\n\t\t\t\t<\/div>\n\t\t\t\t\t<\/div>\n\t\t<\/div>\n\t\t\t\t\t<\/div>\n\t\t<\/section>\n\t\t\t\t<section class=\"elementor-section elementor-top-section elementor-element elementor-element-a8ba981 elementor-section-boxed elementor-section-height-default elementor-section-height-default\" data-id=\"a8ba981\" data-element_type=\"section\" data-e-type=\"section\">\n\t\t\t\t\t\t<div class=\"elementor-container elementor-column-gap-default\">\n\t\t\t\t\t<div class=\"elementor-column elementor-col-100 elementor-top-column elementor-element elementor-element-ea0e2fb\" data-id=\"ea0e2fb\" data-element_type=\"column\" data-e-type=\"column\">\n\t\t\t<div class=\"elementor-widget-wrap\">\n\t\t\t\t\t\t\t<\/div>\n\t\t<\/div>\n\t\t\t\t\t<\/div>\n\t\t<\/section>\n\t\t\t\t<section class=\"elementor-section elementor-top-section elementor-element elementor-element-0f964f7 elementor-section-boxed elementor-section-height-default elementor-section-height-default\" data-id=\"0f964f7\" data-element_type=\"section\" data-e-type=\"section\">\n\t\t\t\t\t\t<div class=\"elementor-container elementor-column-gap-default\">\n\t\t\t\t\t<div class=\"elementor-column elementor-col-100 elementor-top-column elementor-element elementor-element-7ac5843\" data-id=\"7ac5843\" data-element_type=\"column\" data-e-type=\"column\">\n\t\t\t<div class=\"elementor-widget-wrap elementor-element-populated\">\n\t\t\t\t\t\t<div class=\"elementor-element elementor-element-b9d3e59 elementor-widget elementor-widget-heading\" data-id=\"b9d3e59\" data-element_type=\"widget\" data-e-type=\"widget\" data-widget_type=\"heading.default\">\n\t\t\t\t<div class=\"elementor-widget-container\">\n\t\t\t\t\t<h2 class=\"elementor-heading-title elementor-size-medium\">INFORMATIONS ADDITIONNEL <\/h2>\t\t\t\t<\/div>\n\t\t\t\t<\/div>\n\t\t\t\t\t<\/div>\n\t\t<\/div>\n\t\t\t\t\t<\/div>\n\t\t<\/section>\n\t\t\t\t<section class=\"elementor-section elementor-top-section elementor-element elementor-element-6c3d1f3 elementor-section-boxed elementor-section-height-default elementor-section-height-default\" data-id=\"6c3d1f3\" data-element_type=\"section\" data-e-type=\"section\">\n\t\t\t\t\t\t<div class=\"elementor-container elementor-column-gap-default\">\n\t\t\t\t\t<div class=\"elementor-column elementor-col-100 elementor-top-column elementor-element elementor-element-4a144d1\" data-id=\"4a144d1\" data-element_type=\"column\" data-e-type=\"column\">\n\t\t\t<div class=\"elementor-widget-wrap elementor-element-populated\">\n\t\t\t\t\t\t<div class=\"elementor-element elementor-element-a435a90 elementor-widget elementor-widget-text-editor\" data-id=\"a435a90\" data-element_type=\"widget\" data-e-type=\"widget\" data-widget_type=\"text-editor.default\">\n\t\t\t\t<div class=\"elementor-widget-container\">\n\t\t\t\t\t\t\t\t\t<ul><li>Charge de travail s\u00e9curis\u00e9e: 1500 kg<\/li><li>Poids de charge maximum: 4000 kg<\/li><li>Condition: Nouveau<\/li><li>Trait\u00e9 thermiquement selon les exigences ISPM5 \/ IPPC<\/li><li>Entr\u00e9e \u00e0 4 voies<\/li><li>\u00c9paisseur du panneau 22 mm<\/li><li>Bords chanfrein\u00e9s<\/li><li>Ongles certifi\u00e9s EPAL<\/li><li>R\u00e9utilisable<\/li><\/ul>\t\t\t\t\t\t\t\t<\/div>\n\t\t\t\t<\/div>\n\t\t\t\t\t<\/div>\n\t\t<\/div>\n\t\t\t\t\t<\/div>\n\t\t<\/section>\n\t\t\t\t<\/div>\n\t\t","protected":false},"excerpt":{"rendered":"<p>PALETTES EURO (EPAL) (800X1200) DESCRIPTION Les palettes Euro EPAL sont fabriqu\u00e9es avec des blocs de bois press\u00e9 carr\u00e9s et rectangulaires (euroblocs). Une structure de bloc durable et dense associe des panneaux sup\u00e9rieur et inf\u00e9rieur offrant un pouvoir de serrage des clous deux fois plus important que celui des blocs en [&hellip;]<\/p>\n","protected":false},"author":1,"featured_media":0,"parent":0,"menu_order":0,"comment_status":"closed","ping_status":"closed","template":"page-templates\/template-pagebuilder-full-width.php","meta":{"om_disable_all_campaigns":false,"_monsterinsights_skip_tracking":false,"_monsterinsights_sitenote_active":false,"_monsterinsights_sitenote_note":"","_monsterinsights_sitenote_category":0,"_uf_show_specific_survey":0,"_uf_disable_surveys":false,"footnotes":""},"class_list":["post-34","page","type-page","status-publish","hentry"],"aioseo_notices":[],"yoast_head":"<!-- This site is optimized with the Yoast SEO plugin v27.2 - https:\/\/yoast.com\/product\/yoast-seo-wordpress\/ -->\n<title>Elementor #34 - Bienvenue sur Wood Star SARL Alg\u00e9rie -Palette Caisse Palox<\/title>\n<meta name=\"robots\" content=\"index, follow, max-snippet:-1, max-image-preview:large, max-video-preview:-1\" \/>\n<link rel=\"canonical\" href=\"https:\/\/woodstar.dz\/index.php\/elementor-34\/\" \/>\n<meta property=\"og:locale\" content=\"fr_FR\" \/>\n<meta property=\"og:type\" content=\"article\" \/>\n<meta property=\"og:title\" content=\"Elementor #34 - Bienvenue sur Wood Star SARL Alg\u00e9rie -Palette Caisse Palox\" \/>\n<meta property=\"og:description\" content=\"PALETTES EURO (EPAL) (800X1200) DESCRIPTION Les palettes Euro EPAL sont fabriqu\u00e9es avec des blocs de bois press\u00e9 carr\u00e9s et rectangulaires (euroblocs). Une structure de bloc durable et dense associe des panneaux sup\u00e9rieur et inf\u00e9rieur offrant un pouvoir de serrage des clous deux fois plus important que celui des blocs en [&hellip;]\" \/>\n<meta property=\"og:url\" content=\"https:\/\/woodstar.dz\/index.php\/elementor-34\/\" \/>\n<meta property=\"og:site_name\" content=\"Bienvenue sur Wood Star SARL Alg\u00e9rie -Palette Caisse Palox\" \/>\n<meta property=\"article:modified_time\" content=\"2019-11-01T14:25:25+00:00\" \/>\n<meta property=\"og:image\" content=\"http:\/\/woodstar.dz\/wp-content\/uploads\/2019\/11\/pressed-pallet-blocks-for-epal-750x500_0.jpg\" \/>\n<meta name=\"twitter:card\" content=\"summary_large_image\" \/>\n<meta name=\"twitter:label1\" content=\"Dur\u00e9e de lecture estim\u00e9e\" \/>\n\t<meta name=\"twitter:data1\" content=\"1 minute\" \/>\n<script type=\"application\/ld+json\" class=\"yoast-schema-graph\">{\"@context\":\"https:\/\/schema.org\",\"@graph\":[{\"@type\":\"WebPage\",\"@id\":\"https:\/\/woodstar.dz\/index.php\/elementor-34\/\",\"url\":\"https:\/\/woodstar.dz\/index.php\/elementor-34\/\",\"name\":\"Elementor #34 - Bienvenue sur Wood Star SARL Alg\u00e9rie -Palette Caisse Palox\",\"isPartOf\":{\"@id\":\"https:\/\/woodstar.dz\/#website\"},\"primaryImageOfPage\":{\"@id\":\"https:\/\/woodstar.dz\/index.php\/elementor-34\/#primaryimage\"},\"image\":{\"@id\":\"https:\/\/woodstar.dz\/index.php\/elementor-34\/#primaryimage\"},\"thumbnailUrl\":\"http:\/\/woodstar.dz\/wp-content\/uploads\/2019\/11\/pressed-pallet-blocks-for-epal-750x500_0.jpg\",\"datePublished\":\"2019-10-07T14:59:05+00:00\",\"dateModified\":\"2019-11-01T14:25:25+00:00\",\"breadcrumb\":{\"@id\":\"https:\/\/woodstar.dz\/index.php\/elementor-34\/#breadcrumb\"},\"inLanguage\":\"fr-FR\",\"potentialAction\":[{\"@type\":\"ReadAction\",\"target\":[\"https:\/\/woodstar.dz\/index.php\/elementor-34\/\"]}]},{\"@type\":\"ImageObject\",\"inLanguage\":\"fr-FR\",\"@id\":\"https:\/\/woodstar.dz\/index.php\/elementor-34\/#primaryimage\",\"url\":\"http:\/\/woodstar.dz\/wp-content\/uploads\/2019\/11\/pressed-pallet-blocks-for-epal-750x500_0.jpg\",\"contentUrl\":\"http:\/\/woodstar.dz\/wp-content\/uploads\/2019\/11\/pressed-pallet-blocks-for-epal-750x500_0.jpg\"},{\"@type\":\"BreadcrumbList\",\"@id\":\"https:\/\/woodstar.dz\/index.php\/elementor-34\/#breadcrumb\",\"itemListElement\":[{\"@type\":\"ListItem\",\"position\":1,\"name\":\"Home\",\"item\":\"https:\/\/woodstar.dz\/\"},{\"@type\":\"ListItem\",\"position\":2,\"name\":\"Elementor #34\"}]},{\"@type\":\"WebSite\",\"@id\":\"https:\/\/woodstar.dz\/#website\",\"url\":\"https:\/\/woodstar.dz\/\",\"name\":\"wood star\",\"description\":\"Palette Caisse Palox Alg\u00e9rie\",\"publisher\":{\"@id\":\"https:\/\/woodstar.dz\/#organization\"},\"potentialAction\":[{\"@type\":\"SearchAction\",\"target\":{\"@type\":\"EntryPoint\",\"urlTemplate\":\"https:\/\/woodstar.dz\/?s={search_term_string}\"},\"query-input\":{\"@type\":\"PropertyValueSpecification\",\"valueRequired\":true,\"valueName\":\"search_term_string\"}}],\"inLanguage\":\"fr-FR\"},{\"@type\":\"Organization\",\"@id\":\"https:\/\/woodstar.dz\/#organization\",\"name\":\"wood star sarl\",\"url\":\"https:\/\/woodstar.dz\/\",\"logo\":{\"@type\":\"ImageObject\",\"inLanguage\":\"fr-FR\",\"@id\":\"https:\/\/woodstar.dz\/#\/schema\/logo\/image\/\",\"url\":\"https:\/\/woodstar.dz\/wp-content\/uploads\/2019\/10\/newlogobgoff.png\",\"contentUrl\":\"https:\/\/woodstar.dz\/wp-content\/uploads\/2019\/10\/newlogobgoff.png\",\"width\":575,\"height\":404,\"caption\":\"wood star sarl\"},\"image\":{\"@id\":\"https:\/\/woodstar.dz\/#\/schema\/logo\/image\/\"}}]}<\/script>\n<!-- \/ Yoast SEO plugin. -->","yoast_head_json":{"title":"Elementor #34 - Bienvenue sur Wood Star SARL Alg\u00e9rie -Palette Caisse Palox","robots":{"index":"index","follow":"follow","max-snippet":"max-snippet:-1","max-image-preview":"max-image-preview:large","max-video-preview":"max-video-preview:-1"},"canonical":"https:\/\/woodstar.dz\/index.php\/elementor-34\/","og_locale":"fr_FR","og_type":"article","og_title":"Elementor #34 - Bienvenue sur Wood Star SARL Alg\u00e9rie -Palette Caisse Palox","og_description":"PALETTES EURO (EPAL) (800X1200) DESCRIPTION Les palettes Euro EPAL sont fabriqu\u00e9es avec des blocs de bois press\u00e9 carr\u00e9s et rectangulaires (euroblocs). Une structure de bloc durable et dense associe des panneaux sup\u00e9rieur et inf\u00e9rieur offrant un pouvoir de serrage des clous deux fois plus important que celui des blocs en [&hellip;]","og_url":"https:\/\/woodstar.dz\/index.php\/elementor-34\/","og_site_name":"Bienvenue sur Wood Star SARL Alg\u00e9rie -Palette Caisse Palox","article_modified_time":"2019-11-01T14:25:25+00:00","og_image":[{"url":"http:\/\/woodstar.dz\/wp-content\/uploads\/2019\/11\/pressed-pallet-blocks-for-epal-750x500_0.jpg","type":"","width":"","height":""}],"twitter_card":"summary_large_image","twitter_misc":{"Dur\u00e9e de lecture estim\u00e9e":"1 minute"},"schema":{"@context":"https:\/\/schema.org","@graph":[{"@type":"WebPage","@id":"https:\/\/woodstar.dz\/index.php\/elementor-34\/","url":"https:\/\/woodstar.dz\/index.php\/elementor-34\/","name":"Elementor #34 - Bienvenue sur Wood Star SARL Alg\u00e9rie -Palette Caisse Palox","isPartOf":{"@id":"https:\/\/woodstar.dz\/#website"},"primaryImageOfPage":{"@id":"https:\/\/woodstar.dz\/index.php\/elementor-34\/#primaryimage"},"image":{"@id":"https:\/\/woodstar.dz\/index.php\/elementor-34\/#primaryimage"},"thumbnailUrl":"http:\/\/woodstar.dz\/wp-content\/uploads\/2019\/11\/pressed-pallet-blocks-for-epal-750x500_0.jpg","datePublished":"2019-10-07T14:59:05+00:00","dateModified":"2019-11-01T14:25:25+00:00","breadcrumb":{"@id":"https:\/\/woodstar.dz\/index.php\/elementor-34\/#breadcrumb"},"inLanguage":"fr-FR","potentialAction":[{"@type":"ReadAction","target":["https:\/\/woodstar.dz\/index.php\/elementor-34\/"]}]},{"@type":"ImageObject","inLanguage":"fr-FR","@id":"https:\/\/woodstar.dz\/index.php\/elementor-34\/#primaryimage","url":"http:\/\/woodstar.dz\/wp-content\/uploads\/2019\/11\/pressed-pallet-blocks-for-epal-750x500_0.jpg","contentUrl":"http:\/\/woodstar.dz\/wp-content\/uploads\/2019\/11\/pressed-pallet-blocks-for-epal-750x500_0.jpg"},{"@type":"BreadcrumbList","@id":"https:\/\/woodstar.dz\/index.php\/elementor-34\/#breadcrumb","itemListElement":[{"@type":"ListItem","position":1,"name":"Home","item":"https:\/\/woodstar.dz\/"},{"@type":"ListItem","position":2,"name":"Elementor #34"}]},{"@type":"WebSite","@id":"https:\/\/woodstar.dz\/#website","url":"https:\/\/woodstar.dz\/","name":"wood star","description":"Palette Caisse Palox Alg\u00e9rie","publisher":{"@id":"https:\/\/woodstar.dz\/#organization"},"potentialAction":[{"@type":"SearchAction","target":{"@type":"EntryPoint","urlTemplate":"https:\/\/woodstar.dz\/?s={search_term_string}"},"query-input":{"@type":"PropertyValueSpecification","valueRequired":true,"valueName":"search_term_string"}}],"inLanguage":"fr-FR"},{"@type":"Organization","@id":"https:\/\/woodstar.dz\/#organization","name":"wood star sarl","url":"https:\/\/woodstar.dz\/","logo":{"@type":"ImageObject","inLanguage":"fr-FR","@id":"https:\/\/woodstar.dz\/#\/schema\/logo\/image\/","url":"https:\/\/woodstar.dz\/wp-content\/uploads\/2019\/10\/newlogobgoff.png","contentUrl":"https:\/\/woodstar.dz\/wp-content\/uploads\/2019\/10\/newlogobgoff.png","width":575,"height":404,"caption":"wood star sarl"},"image":{"@id":"https:\/\/woodstar.dz\/#\/schema\/logo\/image\/"}}]}},"_links":{"self":[{"href":"https:\/\/woodstar.dz\/index.php\/wp-json\/wp\/v2\/pages\/34","targetHints":{"allow":["GET"]}}],"collection":[{"href":"https:\/\/woodstar.dz\/index.php\/wp-json\/wp\/v2\/pages"}],"about":[{"href":"https:\/\/woodstar.dz\/index.php\/wp-json\/wp\/v2\/types\/page"}],"author":[{"embeddable":true,"href":"https:\/\/woodstar.dz\/index.php\/wp-json\/wp\/v2\/users\/1"}],"replies":[{"embeddable":true,"href":"https:\/\/woodstar.dz\/index.php\/wp-json\/wp\/v2\/comments?post=34"}],"version-history":[{"count":9,"href":"https:\/\/woodstar.dz\/index.php\/wp-json\/wp\/v2\/pages\/34\/revisions"}],"predecessor-version":[{"id":441,"href":"https:\/\/woodstar.dz\/index.php\/wp-json\/wp\/v2\/pages\/34\/revisions\/441"}],"wp:attachment":[{"href":"https:\/\/woodstar.dz\/index.php\/wp-json\/wp\/v2\/media?parent=34"}],"curies":[{"name":"wp","href":"https:\/\/api.w.org\/{rel}","templated":true}]}}